
{"id":535169,"date":"2026-04-21T00:32:38","date_gmt":"2026-04-21T03:32:38","guid":{"rendered":"https:\/\/azerothcomicstore.shop\/?post_type=product&#038;p=535169"},"modified":"2026-04-21T00:37:02","modified_gmt":"2026-04-21T03:37:02","slug":"batman-x-deadpool-1-crossover-dc-marvel","status":"publish","type":"product","link":"https:\/\/azerothcomicstore.shop\/index.php\/producto\/batman-x-deadpool-1-crossover-dc-marvel\/","title":{"rendered":"Batman X Deadpool #1 (Crossover DC MARVEL)"},"content":{"rendered":"<p>\u00a1El Caballero de la Noche y el Mercenario Boc\u00f3n unen fuerzas en una aventura tan alucinante que creer\u00e1s estar so\u00f1ando! Creada por los legendarios Grant Morrison y Dan Mora. \u00a1E incre\u00edbles historias adicionales!<\/p>\n<p>Scott Snyder, James Tynion IV y Joshua Williamson se unen a Hayden Sherman para un m\u00e1gico relato de Constantine y Doctor Strange. Tom Taylor y Bruno Redondo presentan una \u00e9pica historia con Nightwing\/Dick Grayson y Laura Kinney\/Wolverine.<\/p>\n<p>Mariko Tamaki y Amanda Conner hacen chocar los mundos de Harley Quinn y Hulk.<\/p>\n<p>G. Willow Wilson y Denys Cowan narran un electrizante encuentro entre Static y Ms. Marvel.<\/p>\n","protected":false},"excerpt":{"rendered":"<p>\u00a1El Caballero de la Noche y el Mercenario Boc\u00f3n unen fuerzas en una aventura tan alucinante que creer\u00e1s estar so\u00f1ando! Creada por los legendarios Grant Morrison y Dan Mora. \u00a1E<\/p>\n","protected":false},"featured_media":535170,"template":"","meta":[],"product_cat":[157,152],"product_tag":[293,323,363,151,3454,4635,324],"jetpack_sharing_enabled":true,"_links":{"self":[{"href":"https:\/\/azerothcomicstore.shop\/index.php\/wp-json\/wp\/v2\/product\/535169"}],"collection":[{"href":"https:\/\/azerothcomicstore.shop\/index.php\/wp-json\/wp\/v2\/product"}],"about":[{"href":"https:\/\/azerothcomicstore.shop\/index.php\/wp-json\/wp\/v2\/types\/product"}],"wp:featuredmedia":[{"embeddable":true,"href":"https:\/\/azerothcomicstore.shop\/index.php\/wp-json\/wp\/v2\/media\/535170"}],"wp:attachment":[{"href":"https:\/\/azerothcomicstore.shop\/index.php\/wp-json\/wp\/v2\/media?parent=535169"}],"wp:term":[{"taxonomy":"product_cat","embeddable":true,"href":"https:\/\/azerothcomicstore.shop\/index.php\/wp-json\/wp\/v2\/product_cat?post=535169"},{"taxonomy":"product_tag","embeddable":true,"href":"https:\/\/azerothcomicstore.shop\/index.php\/wp-json\/wp\/v2\/product_tag?post=535169"}],"curies":[{"name":"wp","href":"https:\/\/api.w.org\/{rel}","templated":true}]}}