
{"id":534338,"date":"2026-04-17T18:49:04","date_gmt":"2026-04-17T21:49:04","guid":{"rendered":"https:\/\/azerothcomicstore.shop\/?post_type=product&#038;p=534338"},"modified":"2026-04-17T18:49:44","modified_gmt":"2026-04-17T21:49:44","slug":"lector-omnisciente-02","status":"publish","type":"product","link":"https:\/\/azerothcomicstore.shop\/index.php\/producto\/lector-omnisciente-02\/","title":{"rendered":"Lector Omnisciente #02"},"content":{"rendered":"<p>Cuando la ficci\u00f3n se vuelve realidad, solo el verdadero lector puede sobrevivir.<\/p>\n<p>&#8220;Tres maneras de sobrevivir al apocalipsis&#8221; es la novela favorita de Dok-ja, o lo era? hasta que se convirti\u00f3 en realidad. Gracias a su gran conocimiento de la historia del libro, logr\u00f3 sobrevivir a los primeros y ca\u00f3ticos momentos del nuevo mundo. Pero el implacable escenario no espera a nadie, y Dok-ja se encuentra una vez m\u00e1s en una lucha a vida o muerte.<\/p>\n<p>Aislado de su grupo y rodeado de horrendas criaturas, su historia parece estar condenada a un final prematuro? Es entonces cuando hace su aparici\u00f3n una presencia inconfundible. Ha llegado el momento de que Dok-ja, el \u00fanico lector de TMSA, se encuentre con el protagonista: \u00a1el regresor Yu Jung-Hyuk!<\/p>\n","protected":false},"excerpt":{"rendered":"<p>Cuando la ficci\u00f3n se vuelve realidad, solo el verdadero lector puede sobrevivir. &#8220;Tres maneras de sobrevivir al apocalipsis&#8221; es la novela favorita de Dok-ja, o lo era? hasta que se<\/p>\n","protected":false},"featured_media":534336,"template":"","meta":[],"product_cat":[163],"product_tag":[144,293,278,291,1173,276,3801,333],"jetpack_sharing_enabled":true,"_links":{"self":[{"href":"https:\/\/azerothcomicstore.shop\/index.php\/wp-json\/wp\/v2\/product\/534338"}],"collection":[{"href":"https:\/\/azerothcomicstore.shop\/index.php\/wp-json\/wp\/v2\/product"}],"about":[{"href":"https:\/\/azerothcomicstore.shop\/index.php\/wp-json\/wp\/v2\/types\/product"}],"wp:featuredmedia":[{"embeddable":true,"href":"https:\/\/azerothcomicstore.shop\/index.php\/wp-json\/wp\/v2\/media\/534336"}],"wp:attachment":[{"href":"https:\/\/azerothcomicstore.shop\/index.php\/wp-json\/wp\/v2\/media?parent=534338"}],"wp:term":[{"taxonomy":"product_cat","embeddable":true,"href":"https:\/\/azerothcomicstore.shop\/index.php\/wp-json\/wp\/v2\/product_cat?post=534338"},{"taxonomy":"product_tag","embeddable":true,"href":"https:\/\/azerothcomicstore.shop\/index.php\/wp-json\/wp\/v2\/product_tag?post=534338"}],"curies":[{"name":"wp","href":"https:\/\/api.w.org\/{rel}","templated":true}]}}