
{"id":529601,"date":"2026-03-27T20:48:40","date_gmt":"2026-03-27T23:48:40","guid":{"rendered":"https:\/\/azerothcomicstore.shop\/?post_type=product&#038;p=529601"},"modified":"2026-03-27T20:53:44","modified_gmt":"2026-03-27T23:53:44","slug":"kinryo-rock-0","status":"publish","type":"product","link":"https:\/\/azerothcomicstore.shop\/index.php\/producto\/kinryo-rock-0\/","title":{"rendered":"Kinryo Rock #0"},"content":{"rendered":"<p>LOS VAMPIROS VIVEN ENTRE NOSOTROS<\/p>\n<p>Sexo, sangre y rock and roll! Hace cinco a\u00f1os se revel\u00f3 la existencia de estas criaturas sobrenaturales. A plena luz del d\u00eda, se relacionan con los humanos sin ocultarse. La sociedad parece haber normalizado esta convivencia, pero en las sombras todav\u00eda se agazapan monstruos sedientos de sangre&#8230; \u00a1Una coexistencia dif\u00edcil! \u00a1Que suene ese riff!<\/p>\n","protected":false},"excerpt":{"rendered":"<p>LOS VAMPIROS VIVEN ENTRE NOSOTROS Sexo, sangre y rock and roll! Hace cinco a\u00f1os se revel\u00f3 la existencia de estas criaturas sobrenaturales. A plena luz del d\u00eda, se relacionan con<\/p>\n","protected":false},"featured_media":529604,"template":"","meta":[],"product_cat":[1184],"product_tag":[293,137,4355,4354,134,282,274,322,382,284],"jetpack_sharing_enabled":true,"_links":{"self":[{"href":"https:\/\/azerothcomicstore.shop\/index.php\/wp-json\/wp\/v2\/product\/529601"}],"collection":[{"href":"https:\/\/azerothcomicstore.shop\/index.php\/wp-json\/wp\/v2\/product"}],"about":[{"href":"https:\/\/azerothcomicstore.shop\/index.php\/wp-json\/wp\/v2\/types\/product"}],"wp:featuredmedia":[{"embeddable":true,"href":"https:\/\/azerothcomicstore.shop\/index.php\/wp-json\/wp\/v2\/media\/529604"}],"wp:attachment":[{"href":"https:\/\/azerothcomicstore.shop\/index.php\/wp-json\/wp\/v2\/media?parent=529601"}],"wp:term":[{"taxonomy":"product_cat","embeddable":true,"href":"https:\/\/azerothcomicstore.shop\/index.php\/wp-json\/wp\/v2\/product_cat?post=529601"},{"taxonomy":"product_tag","embeddable":true,"href":"https:\/\/azerothcomicstore.shop\/index.php\/wp-json\/wp\/v2\/product_tag?post=529601"}],"curies":[{"name":"wp","href":"https:\/\/api.w.org\/{rel}","templated":true}]}}