
{"id":529598,"date":"2026-03-27T20:04:35","date_gmt":"2026-03-27T23:04:35","guid":{"rendered":"https:\/\/azerothcomicstore.shop\/?post_type=product&#038;p=529598"},"modified":"2026-03-27T20:06:24","modified_gmt":"2026-03-27T23:06:24","slug":"acca-departamento-de-inspeccion-de-los-13-distritos-04-05-06","status":"publish","type":"product","link":"https:\/\/azerothcomicstore.shop\/index.php\/producto\/acca-departamento-de-inspeccion-de-los-13-distritos-04-05-06\/","title":{"rendered":"ACCA Departamento de Inspecci\u00f3n de los 13 Distritos #04 #05 #06"},"content":{"rendered":"<p>El vicejefe del Departamento de Inspecci\u00f3n, Jean Otus, contin\u00faa su gira por los trece distritos del reino de Dowa&#8230; \u00a1pero su recorrida de rutina es vista por todos como una conspiraci\u00f3n contra el mism\u00edsimo rey! Todo parece acelerarse hacia un inevitable golpe de estado, \u00bfPero qui\u00e9n dar\u00e1 el primer paso? \u00bfSer\u00e1 ACCA, la princesa, los cinco secretarios&#8230; o una figura misteriosa que eval\u00faa todo desde las sombras? \u00a1Llega el impactante final del thriller pol\u00edtico que consagr\u00f3 a Natsume Ono como una de las narradoras m\u00e1s originales de su generaci\u00f3n!<\/p>\n","protected":false},"excerpt":{"rendered":"<p>El vicejefe del Departamento de Inspecci\u00f3n, Jean Otus, contin\u00faa su gira por los trece distritos del reino de Dowa&#8230; \u00a1pero su recorrida de rutina es vista por todos como una<\/p>\n","protected":false},"featured_media":529599,"template":"","meta":[],"product_cat":[1184],"product_tag":[137,278,134,282,3237,274,279],"jetpack_sharing_enabled":true,"_links":{"self":[{"href":"https:\/\/azerothcomicstore.shop\/index.php\/wp-json\/wp\/v2\/product\/529598"}],"collection":[{"href":"https:\/\/azerothcomicstore.shop\/index.php\/wp-json\/wp\/v2\/product"}],"about":[{"href":"https:\/\/azerothcomicstore.shop\/index.php\/wp-json\/wp\/v2\/types\/product"}],"wp:featuredmedia":[{"embeddable":true,"href":"https:\/\/azerothcomicstore.shop\/index.php\/wp-json\/wp\/v2\/media\/529599"}],"wp:attachment":[{"href":"https:\/\/azerothcomicstore.shop\/index.php\/wp-json\/wp\/v2\/media?parent=529598"}],"wp:term":[{"taxonomy":"product_cat","embeddable":true,"href":"https:\/\/azerothcomicstore.shop\/index.php\/wp-json\/wp\/v2\/product_cat?post=529598"},{"taxonomy":"product_tag","embeddable":true,"href":"https:\/\/azerothcomicstore.shop\/index.php\/wp-json\/wp\/v2\/product_tag?post=529598"}],"curies":[{"name":"wp","href":"https:\/\/api.w.org\/{rel}","templated":true}]}}