
{"id":514790,"date":"2026-02-06T18:55:09","date_gmt":"2026-02-06T21:55:09","guid":{"rendered":"https:\/\/azerothcomicstore.shop\/?post_type=product&#038;p=514790"},"modified":"2026-03-09T12:22:07","modified_gmt":"2026-03-09T15:22:07","slug":"lector-omnisciente-01-copia","status":"publish","type":"product","link":"https:\/\/azerothcomicstore.shop\/index.php\/producto\/lector-omnisciente-01-copia\/","title":{"rendered":"Lector Omnisciente #01"},"content":{"rendered":"<p>El webtoon coreano que ha enganchado a millones de lectores en el mundo.<\/p>\n<p>Solo \u00e9l ha le\u00eddo el final&#8230; \u00a1Y ahora el mundo depende de ello! Como oficinista con una vida dif\u00edcil, la \u00fanica pasi\u00f3n de Dokja Kim es una novela online tan oscura que \u00e9l es su \u00fanico lector. Pero un d\u00eda, la historia llega a su fin y el mundo tambi\u00e9n.<\/p>\n<p>Personas de todo el planeta comienzan a ser masacradas por monstruos horribles o forzadas a enfrentarse entre s\u00ed en escenarios s\u00e1dicos sacados directamente de la novela. Sin embargo, solo Dokja sabe que esto es apenas el primer cap\u00edtulo de lo que est\u00e1 por venir. Conociendo los giros devastadores que se avecinan en la trama, ya no puede permitirse quedarse sentado como un simple lector \u00a1ha llegado el momento de que Dokja tome las riendas y escriba su propio destino!<\/p>\n","protected":false},"excerpt":{"rendered":"<p>El webtoon coreano que ha enganchado a millones de lectores en el mundo. Solo \u00e9l ha le\u00eddo el final&#8230; \u00a1Y ahora el mundo depende de ello! Como oficinista con una<\/p>\n","protected":false},"featured_media":514785,"template":"","meta":[],"product_cat":[163],"product_tag":[144,293,278,291,1173,276,3801,333],"jetpack_sharing_enabled":true,"_links":{"self":[{"href":"https:\/\/azerothcomicstore.shop\/index.php\/wp-json\/wp\/v2\/product\/514790"}],"collection":[{"href":"https:\/\/azerothcomicstore.shop\/index.php\/wp-json\/wp\/v2\/product"}],"about":[{"href":"https:\/\/azerothcomicstore.shop\/index.php\/wp-json\/wp\/v2\/types\/product"}],"wp:featuredmedia":[{"embeddable":true,"href":"https:\/\/azerothcomicstore.shop\/index.php\/wp-json\/wp\/v2\/media\/514785"}],"wp:attachment":[{"href":"https:\/\/azerothcomicstore.shop\/index.php\/wp-json\/wp\/v2\/media?parent=514790"}],"wp:term":[{"taxonomy":"product_cat","embeddable":true,"href":"https:\/\/azerothcomicstore.shop\/index.php\/wp-json\/wp\/v2\/product_cat?post=514790"},{"taxonomy":"product_tag","embeddable":true,"href":"https:\/\/azerothcomicstore.shop\/index.php\/wp-json\/wp\/v2\/product_tag?post=514790"}],"curies":[{"name":"wp","href":"https:\/\/api.w.org\/{rel}","templated":true}]}}