
{"id":510532,"date":"2025-12-09T20:30:03","date_gmt":"2025-12-09T23:30:03","guid":{"rendered":"https:\/\/azerothcomicstore.shop\/?post_type=product&#038;p=510532"},"modified":"2026-01-05T10:15:39","modified_gmt":"2026-01-05T13:15:39","slug":"tmnt-regreso-a-nueva-york","status":"publish","type":"product","link":"https:\/\/azerothcomicstore.shop\/index.php\/producto\/tmnt-regreso-a-nueva-york\/","title":{"rendered":"TMNT: Regreso a Nueva York"},"content":{"rendered":"<p>\u00a1Las Tortugas Ninja regresan!<\/p>\n<p>Los cuatro hermanos abandonaron Nueva York para perseguir sus propios intereses. Raphael est\u00e1 en\u00a0prisi\u00f3n. Michelangelo est\u00e1 viviendo en Tokio, donde se ha convertido en una estrella de televisi\u00f3n.<\/p>\n<p>Leonardo est\u00e1 viajando por el mundo en busca de paz. Donatello est\u00e1 atrapado en un zool\u00f3gico de\u00a0mutantes, obligado a pelear contra hombres adinerados que buscan emociones fuertes. \u00bfY qu\u00e9 ocurri\u00f3\u00a0en la Gran Manzana mientras las Tortugas estaban dispersas por el mundo? Pronto lo descubrir\u00e1n&#8230;<\/p>\n<p>Regreso a Nueva York es el primer arco argumental de la nueva serie regular Teenage Mutant Ninja\u00a0Turtles, que cuenta con un equipo creativo impresionante: el multipremiado guionista Jason Aaron y una\u00a0alineaci\u00f3n estelar de dibujantes integrada por Jo\u00eblle Jones, Rafael Albuquerque, Cliff Chiang, Chris\u00a0Burnham, Darick Robertson y Juan Ferreyra.<\/p>\n<p>Recopila: Teenage Mutant Ninja Turtles #1-6.<\/p>\n","protected":false},"excerpt":{"rendered":"<p>\u00a1Las Tortugas Ninja regresan! Los cuatro hermanos abandonaron Nueva York para perseguir sus propios intereses. Raphael est\u00e1 en\u00a0prisi\u00f3n. Michelangelo est\u00e1 viviendo en Tokio, donde se ha convertido en una estrella<\/p>\n","protected":false},"featured_media":510533,"template":"","meta":[],"product_cat":[157],"product_tag":[293,323,3475,151,278,3472,3473,3469,3455,3474,3470,3476,3471],"jetpack_sharing_enabled":true,"_links":{"self":[{"href":"https:\/\/azerothcomicstore.shop\/index.php\/wp-json\/wp\/v2\/product\/510532"}],"collection":[{"href":"https:\/\/azerothcomicstore.shop\/index.php\/wp-json\/wp\/v2\/product"}],"about":[{"href":"https:\/\/azerothcomicstore.shop\/index.php\/wp-json\/wp\/v2\/types\/product"}],"wp:featuredmedia":[{"embeddable":true,"href":"https:\/\/azerothcomicstore.shop\/index.php\/wp-json\/wp\/v2\/media\/510533"}],"wp:attachment":[{"href":"https:\/\/azerothcomicstore.shop\/index.php\/wp-json\/wp\/v2\/media?parent=510532"}],"wp:term":[{"taxonomy":"product_cat","embeddable":true,"href":"https:\/\/azerothcomicstore.shop\/index.php\/wp-json\/wp\/v2\/product_cat?post=510532"},{"taxonomy":"product_tag","embeddable":true,"href":"https:\/\/azerothcomicstore.shop\/index.php\/wp-json\/wp\/v2\/product_tag?post=510532"}],"curies":[{"name":"wp","href":"https:\/\/api.w.org\/{rel}","templated":true}]}}