
{"id":510280,"date":"2025-11-03T19:16:50","date_gmt":"2025-11-03T22:16:50","guid":{"rendered":"https:\/\/azerothcomicstore.shop\/?post_type=product&#038;p=510280"},"modified":"2025-11-03T19:17:48","modified_gmt":"2025-11-03T22:17:48","slug":"coleccion-spider-man-universo-arana-vol-24-venomizados","status":"publish","type":"product","link":"https:\/\/azerothcomicstore.shop\/index.php\/producto\/coleccion-spider-man-universo-arana-vol-24-venomizados\/","title":{"rendered":"Colecci\u00f3n Spider-Man: Universo Ara\u00f1a Vol.24 Venomizados"},"content":{"rendered":"<p>Contiene: Venomized #1 al 5 (Junio a Julio de 2018) de la edici\u00f3n USA.<\/p>\n<p>\u00a1LOS VENENOS ARRASAN CON EL UNIVERSO MARVEL!<\/p>\n<p>Una raza proveniente de la otra punta del Multiverso busca asimilar a los simbiontes&#8230; \u00a1y a los h\u00e9roes que los encarnan! \u00a1En su hora m\u00e1s oscura, Spider-Man, Venom y los dem\u00e1s deber\u00e1n enfrentarse a sus compa\u00f1eros venomizados en una contienda brutal!<\/p>\n","protected":false},"excerpt":{"rendered":"<p>Contiene: Venomized #1 al 5 (Junio a Julio de 2018) de la edici\u00f3n USA. \u00a1LOS VENENOS ARRASAN CON EL UNIVERSO MARVEL! Una raza proveniente de la otra punta del Multiverso<\/p>\n","protected":false},"featured_media":510274,"template":"","meta":[],"product_cat":[157],"product_tag":[293,323,151,1750],"jetpack_sharing_enabled":true,"_links":{"self":[{"href":"https:\/\/azerothcomicstore.shop\/index.php\/wp-json\/wp\/v2\/product\/510280"}],"collection":[{"href":"https:\/\/azerothcomicstore.shop\/index.php\/wp-json\/wp\/v2\/product"}],"about":[{"href":"https:\/\/azerothcomicstore.shop\/index.php\/wp-json\/wp\/v2\/types\/product"}],"wp:featuredmedia":[{"embeddable":true,"href":"https:\/\/azerothcomicstore.shop\/index.php\/wp-json\/wp\/v2\/media\/510274"}],"wp:attachment":[{"href":"https:\/\/azerothcomicstore.shop\/index.php\/wp-json\/wp\/v2\/media?parent=510280"}],"wp:term":[{"taxonomy":"product_cat","embeddable":true,"href":"https:\/\/azerothcomicstore.shop\/index.php\/wp-json\/wp\/v2\/product_cat?post=510280"},{"taxonomy":"product_tag","embeddable":true,"href":"https:\/\/azerothcomicstore.shop\/index.php\/wp-json\/wp\/v2\/product_tag?post=510280"}],"curies":[{"name":"wp","href":"https:\/\/api.w.org\/{rel}","templated":true}]}}