
{"id":510278,"date":"2025-11-03T19:14:25","date_gmt":"2025-11-03T22:14:25","guid":{"rendered":"https:\/\/azerothcomicstore.shop\/?post_type=product&#038;p=510278"},"modified":"2025-11-03T19:15:27","modified_gmt":"2025-11-03T22:15:27","slug":"coleccion-spider-man-universo-arana-vol-22-spider-men-ii-quien-es-el-otro-miles","status":"publish","type":"product","link":"https:\/\/azerothcomicstore.shop\/index.php\/producto\/coleccion-spider-man-universo-arana-vol-22-spider-men-ii-quien-es-el-otro-miles\/","title":{"rendered":"Colecci\u00f3n Spider-Man: Universo Ara\u00f1a Vol.22 Spider-Men II: \u00bfQui\u00e9n es el otro Miles?"},"content":{"rendered":"<p>Contiene: Spider-Men II #1 al 5 (Septiembre de 2017 a Febrero de 2018) de la edici\u00f3n USA.<\/p>\n<p>\u00a1MILES Y PETER VUELVEN A REUNIRSE!<\/p>\n<p>Los Spider-Man ahora comparten un mismo universo, pero tambi\u00e9n las mismas amenazas. M\u00e1s y m\u00e1s misterios empiezan a envolver a nuestros h\u00e9roes, comenzando por la inc\u00f3gnita m\u00e1s importante: \u00bfqui\u00e9n es el Miles Morales del universo 616?<\/p>\n","protected":false},"excerpt":{"rendered":"<p>Contiene: Spider-Men II #1 al 5 (Septiembre de 2017 a Febrero de 2018) de la edici\u00f3n USA. \u00a1MILES Y PETER VUELVEN A REUNIRSE! Los Spider-Man ahora comparten un mismo universo,<\/p>\n","protected":false},"featured_media":510276,"template":"","meta":[],"product_cat":[157],"product_tag":[293,323,151,1750],"jetpack_sharing_enabled":true,"_links":{"self":[{"href":"https:\/\/azerothcomicstore.shop\/index.php\/wp-json\/wp\/v2\/product\/510278"}],"collection":[{"href":"https:\/\/azerothcomicstore.shop\/index.php\/wp-json\/wp\/v2\/product"}],"about":[{"href":"https:\/\/azerothcomicstore.shop\/index.php\/wp-json\/wp\/v2\/types\/product"}],"wp:featuredmedia":[{"embeddable":true,"href":"https:\/\/azerothcomicstore.shop\/index.php\/wp-json\/wp\/v2\/media\/510276"}],"wp:attachment":[{"href":"https:\/\/azerothcomicstore.shop\/index.php\/wp-json\/wp\/v2\/media?parent=510278"}],"wp:term":[{"taxonomy":"product_cat","embeddable":true,"href":"https:\/\/azerothcomicstore.shop\/index.php\/wp-json\/wp\/v2\/product_cat?post=510278"},{"taxonomy":"product_tag","embeddable":true,"href":"https:\/\/azerothcomicstore.shop\/index.php\/wp-json\/wp\/v2\/product_tag?post=510278"}],"curies":[{"name":"wp","href":"https:\/\/api.w.org\/{rel}","templated":true}]}}