
{"id":510272,"date":"2025-11-03T19:11:01","date_gmt":"2025-11-03T22:11:01","guid":{"rendered":"https:\/\/azerothcomicstore.shop\/?post_type=product&#038;p=510272"},"modified":"2025-11-03T19:14:02","modified_gmt":"2025-11-03T22:14:02","slug":"coleccion-spider-man-universo-arana-vol-21-spider-verse-zona-de-guerra","status":"publish","type":"product","link":"https:\/\/azerothcomicstore.shop\/index.php\/producto\/coleccion-spider-man-universo-arana-vol-21-spider-verse-zona-de-guerra\/","title":{"rendered":"Colecci\u00f3n Spider-Man: Universo Ara\u00f1a Vol.21 Spider-Verse: Zona de Guerra"},"content":{"rendered":"<p>Contiene: Spider-Verse Vol. 2 #1 al 5 (Julio a Noviembre de 2015) de la edici\u00f3n USA.<\/p>\n<p>\u00a1UNA NUEVA AVENTURA DE LOS GUERREROS ARA\u00d1A!<\/p>\n<p>\u00a1Envuelto en un conflicto multiversal que lo supera, un nuevo equipo de h\u00e9roes ar\u00e1cnidos se r\u00e9une para enfrentarse a nuevas versiones de sus villanos cl\u00e1sicos! \u00a1Spider-Gwen, Spider-man Noir, Spider-man India, Anya Coraz\u00f3n, Spider-UK y Spider-Ham protagonizan esta nueva \u00e9pica!<\/p>\n","protected":false},"excerpt":{"rendered":"<p>Contiene: Spider-Verse Vol. 2 #1 al 5 (Julio a Noviembre de 2015) de la edici\u00f3n USA. \u00a1UNA NUEVA AVENTURA DE LOS GUERREROS ARA\u00d1A! \u00a1Envuelto en un conflicto multiversal que lo<\/p>\n","protected":false},"featured_media":510277,"template":"","meta":[],"product_cat":[157],"product_tag":[293,323,151,1750],"jetpack_sharing_enabled":true,"_links":{"self":[{"href":"https:\/\/azerothcomicstore.shop\/index.php\/wp-json\/wp\/v2\/product\/510272"}],"collection":[{"href":"https:\/\/azerothcomicstore.shop\/index.php\/wp-json\/wp\/v2\/product"}],"about":[{"href":"https:\/\/azerothcomicstore.shop\/index.php\/wp-json\/wp\/v2\/types\/product"}],"wp:featuredmedia":[{"embeddable":true,"href":"https:\/\/azerothcomicstore.shop\/index.php\/wp-json\/wp\/v2\/media\/510277"}],"wp:attachment":[{"href":"https:\/\/azerothcomicstore.shop\/index.php\/wp-json\/wp\/v2\/media?parent=510272"}],"wp:term":[{"taxonomy":"product_cat","embeddable":true,"href":"https:\/\/azerothcomicstore.shop\/index.php\/wp-json\/wp\/v2\/product_cat?post=510272"},{"taxonomy":"product_tag","embeddable":true,"href":"https:\/\/azerothcomicstore.shop\/index.php\/wp-json\/wp\/v2\/product_tag?post=510272"}],"curies":[{"name":"wp","href":"https:\/\/api.w.org\/{rel}","templated":true}]}}