
{"id":510270,"date":"2025-11-03T19:07:35","date_gmt":"2025-11-03T22:07:35","guid":{"rendered":"https:\/\/azerothcomicstore.shop\/?post_type=product&#038;p=510270"},"modified":"2025-11-03T19:10:47","modified_gmt":"2025-11-03T22:10:47","slug":"coleccion-spider-man-universo-arana-vol-20-spider-gwen-la-mas-buscada","status":"publish","type":"product","link":"https:\/\/azerothcomicstore.shop\/index.php\/producto\/coleccion-spider-man-universo-arana-vol-20-spider-gwen-la-mas-buscada\/","title":{"rendered":"Colecci\u00f3n Spider-Man: Universo Ara\u00f1a Vol.20 Spider-Gwen: La M\u00e1s Buscada"},"content":{"rendered":"<p>Contiene: Edge of Spider-Verse Vol. 1 #2 (Noviembre 2014) y Spider-Gwen Vol. 1 #1 al 5 (Abril a Agosto de 2015) de la edici\u00f3n USA.<\/p>\n<p>\u00a1GWEN ATERRIZA EN SU PROPIA SERIE!<\/p>\n<p>De d\u00eda, Gwen Stacy es la baterista de la banda The Mary Janes. De noche es la vigilante conocida como Spider-Woman, \u00a1y es buscada por la polic\u00eda por el asesinato de Peter Parker! Bienvenidos a este nuevo universo, donde amigos y enemigos ar\u00e1cnidos son reinventados de un modo fresco y original.<\/p>\n","protected":false},"excerpt":{"rendered":"<p>Contiene: Edge of Spider-Verse Vol. 1 #2 (Noviembre 2014) y Spider-Gwen Vol. 1 #1 al 5 (Abril a Agosto de 2015) de la edici\u00f3n USA. \u00a1GWEN ATERRIZA EN SU PROPIA<\/p>\n","protected":false},"featured_media":510262,"template":"","meta":[],"product_cat":[157],"product_tag":[293,323,151,1750],"jetpack_sharing_enabled":true,"_links":{"self":[{"href":"https:\/\/azerothcomicstore.shop\/index.php\/wp-json\/wp\/v2\/product\/510270"}],"collection":[{"href":"https:\/\/azerothcomicstore.shop\/index.php\/wp-json\/wp\/v2\/product"}],"about":[{"href":"https:\/\/azerothcomicstore.shop\/index.php\/wp-json\/wp\/v2\/types\/product"}],"wp:featuredmedia":[{"embeddable":true,"href":"https:\/\/azerothcomicstore.shop\/index.php\/wp-json\/wp\/v2\/media\/510262"}],"wp:attachment":[{"href":"https:\/\/azerothcomicstore.shop\/index.php\/wp-json\/wp\/v2\/media?parent=510270"}],"wp:term":[{"taxonomy":"product_cat","embeddable":true,"href":"https:\/\/azerothcomicstore.shop\/index.php\/wp-json\/wp\/v2\/product_cat?post=510270"},{"taxonomy":"product_tag","embeddable":true,"href":"https:\/\/azerothcomicstore.shop\/index.php\/wp-json\/wp\/v2\/product_tag?post=510270"}],"curies":[{"name":"wp","href":"https:\/\/api.w.org\/{rel}","templated":true}]}}