
{"id":510269,"date":"2025-11-03T19:06:12","date_gmt":"2025-11-03T22:06:12","guid":{"rendered":"https:\/\/azerothcomicstore.shop\/?post_type=product&#038;p=510269"},"modified":"2026-02-09T22:08:08","modified_gmt":"2026-02-10T01:08:08","slug":"coleccion-spider-man-universo-arana-vol-19-isla-arana","status":"publish","type":"product","link":"https:\/\/azerothcomicstore.shop\/index.php\/producto\/coleccion-spider-man-universo-arana-vol-19-isla-arana\/","title":{"rendered":"Colecci\u00f3n Spider-Man: Universo Ara\u00f1a Vol.19 Isla-Ara\u00f1a"},"content":{"rendered":"<p>Contiene: Spider-Island Vol. 1 #1 al 5 (Septiembre a Diciembre de 2015) de la edici\u00f3n USA .<\/p>\n<p>\u00a1MANHATTAN ES UN NIDO DE ARA\u00d1AS!<\/p>\n<p>A pesar de todos sus esfuerzos, Peter perdi\u00f3 la batalla contra la Reina Ara\u00f1a y su ciudad se convirti\u00f3 en una isla llena de monstruos ar\u00e1cnidos. Pero aunque todo parezca perdido, todav\u00eda queda un h\u00e9roe dispuesto a salvarlos a todos&#8230;<\/p>\n<p>\u00a1Flash Thompson, el Agente Venom!<\/p>\n","protected":false},"excerpt":{"rendered":"<p>Contiene: Spider-Island Vol. 1 #1 al 5 (Septiembre a Diciembre de 2015) de la edici\u00f3n USA . \u00a1MANHATTAN ES UN NIDO DE ARA\u00d1AS! A pesar de todos sus esfuerzos, Peter<\/p>\n","protected":false},"featured_media":510263,"template":"","meta":[],"product_cat":[157],"product_tag":[293,323,151,1750],"jetpack_sharing_enabled":true,"_links":{"self":[{"href":"https:\/\/azerothcomicstore.shop\/index.php\/wp-json\/wp\/v2\/product\/510269"}],"collection":[{"href":"https:\/\/azerothcomicstore.shop\/index.php\/wp-json\/wp\/v2\/product"}],"about":[{"href":"https:\/\/azerothcomicstore.shop\/index.php\/wp-json\/wp\/v2\/types\/product"}],"wp:featuredmedia":[{"embeddable":true,"href":"https:\/\/azerothcomicstore.shop\/index.php\/wp-json\/wp\/v2\/media\/510263"}],"wp:attachment":[{"href":"https:\/\/azerothcomicstore.shop\/index.php\/wp-json\/wp\/v2\/media?parent=510269"}],"wp:term":[{"taxonomy":"product_cat","embeddable":true,"href":"https:\/\/azerothcomicstore.shop\/index.php\/wp-json\/wp\/v2\/product_cat?post=510269"},{"taxonomy":"product_tag","embeddable":true,"href":"https:\/\/azerothcomicstore.shop\/index.php\/wp-json\/wp\/v2\/product_tag?post=510269"}],"curies":[{"name":"wp","href":"https:\/\/api.w.org\/{rel}","templated":true}]}}