
{"id":510268,"date":"2025-11-03T19:05:07","date_gmt":"2025-11-03T22:05:07","guid":{"rendered":"https:\/\/azerothcomicstore.shop\/?post_type=product&#038;p=510268"},"modified":"2025-11-03T19:05:57","modified_gmt":"2025-11-03T22:05:57","slug":"coleccion-spider-man-universo-arana-vol-18-venom-primer-anfitrion","status":"publish","type":"product","link":"https:\/\/azerothcomicstore.shop\/index.php\/producto\/coleccion-spider-man-universo-arana-vol-18-venom-primer-anfitrion\/","title":{"rendered":"Colecci\u00f3n Spider-Man: Universo Ara\u00f1a Vol.18 Venom: Primer Anfitri\u00f3n"},"content":{"rendered":"<p>Contiene: Venom &#8220;First Host&#8221; #1 al 5 (Octubre a Noviembre de 2018) de la edici\u00f3n USA.<\/p>\n<p>\u00a1ANTES DE VENOM, ESTABA EL PRIMER ANFITRI\u00d3N!<\/p>\n<p>Las cosas ya estaban tensas entre Eddie y el simbionte, \u00a1pero todo se complica a\u00fan m\u00e1s cuando del espacio llega buscando ayuda un alien\u00edgena que afirma haber estado conectado con Venom a\u00f1os atr\u00e1s!<\/p>\n","protected":false},"excerpt":{"rendered":"<p>Contiene: Venom &#8220;First Host&#8221; #1 al 5 (Octubre a Noviembre de 2018) de la edici\u00f3n USA. \u00a1ANTES DE VENOM, ESTABA EL PRIMER ANFITRI\u00d3N! Las cosas ya estaban tensas entre Eddie<\/p>\n","protected":false},"featured_media":510264,"template":"","meta":[],"product_cat":[157],"product_tag":[293,323,151,1750],"jetpack_sharing_enabled":true,"_links":{"self":[{"href":"https:\/\/azerothcomicstore.shop\/index.php\/wp-json\/wp\/v2\/product\/510268"}],"collection":[{"href":"https:\/\/azerothcomicstore.shop\/index.php\/wp-json\/wp\/v2\/product"}],"about":[{"href":"https:\/\/azerothcomicstore.shop\/index.php\/wp-json\/wp\/v2\/types\/product"}],"wp:featuredmedia":[{"embeddable":true,"href":"https:\/\/azerothcomicstore.shop\/index.php\/wp-json\/wp\/v2\/media\/510264"}],"wp:attachment":[{"href":"https:\/\/azerothcomicstore.shop\/index.php\/wp-json\/wp\/v2\/media?parent=510268"}],"wp:term":[{"taxonomy":"product_cat","embeddable":true,"href":"https:\/\/azerothcomicstore.shop\/index.php\/wp-json\/wp\/v2\/product_cat?post=510268"},{"taxonomy":"product_tag","embeddable":true,"href":"https:\/\/azerothcomicstore.shop\/index.php\/wp-json\/wp\/v2\/product_tag?post=510268"}],"curies":[{"name":"wp","href":"https:\/\/api.w.org\/{rel}","templated":true}]}}