
{"id":510267,"date":"2025-11-03T19:03:33","date_gmt":"2025-11-03T22:03:33","guid":{"rendered":"https:\/\/azerothcomicstore.shop\/?post_type=product&#038;p=510267"},"modified":"2025-11-03T19:04:52","modified_gmt":"2025-11-03T22:04:52","slug":"coleccion-spider-man-universo-arana-vol-17-spider-men-los-hombres-arana","status":"publish","type":"product","link":"https:\/\/azerothcomicstore.shop\/index.php\/producto\/coleccion-spider-man-universo-arana-vol-17-spider-men-los-hombres-arana\/","title":{"rendered":"Colecci\u00f3n Spider-Man: Universo Ara\u00f1a Vol.17 Spider-Men: Los Hombres Ara\u00f1a"},"content":{"rendered":"<p>Contiene: Spider-Men #1 al 5 (Junio a Septiembre de 2012), de la edici\u00f3n USA.<\/p>\n<p>\u00bfLISTOS PARA EL DOBLE DE ACCI\u00d3N AR\u00c1CNIDA?<\/p>\n<p>Lo que comienza como una habitual noche de lucha contra el crimen termina arrojando al Spider-Man original, Peter Parker, en un viaje al universo Ultimate. Lo que \u00e9l no sabe es que del otro lado existe otro amistoso vecino, un chico llamado Miles Morales, \u00a1quien tom\u00f3 el manto de Spider-Man cuando el Peter Parker de ese universo falleci\u00f3!<\/p>\n","protected":false},"excerpt":{"rendered":"<p>Contiene: Spider-Men #1 al 5 (Junio a Septiembre de 2012), de la edici\u00f3n USA. \u00bfLISTOS PARA EL DOBLE DE ACCI\u00d3N AR\u00c1CNIDA? Lo que comienza como una habitual noche de lucha<\/p>\n","protected":false},"featured_media":510265,"template":"","meta":[],"product_cat":[157],"product_tag":[293,323,151,1750],"jetpack_sharing_enabled":true,"_links":{"self":[{"href":"https:\/\/azerothcomicstore.shop\/index.php\/wp-json\/wp\/v2\/product\/510267"}],"collection":[{"href":"https:\/\/azerothcomicstore.shop\/index.php\/wp-json\/wp\/v2\/product"}],"about":[{"href":"https:\/\/azerothcomicstore.shop\/index.php\/wp-json\/wp\/v2\/types\/product"}],"wp:featuredmedia":[{"embeddable":true,"href":"https:\/\/azerothcomicstore.shop\/index.php\/wp-json\/wp\/v2\/media\/510265"}],"wp:attachment":[{"href":"https:\/\/azerothcomicstore.shop\/index.php\/wp-json\/wp\/v2\/media?parent=510267"}],"wp:term":[{"taxonomy":"product_cat","embeddable":true,"href":"https:\/\/azerothcomicstore.shop\/index.php\/wp-json\/wp\/v2\/product_cat?post=510267"},{"taxonomy":"product_tag","embeddable":true,"href":"https:\/\/azerothcomicstore.shop\/index.php\/wp-json\/wp\/v2\/product_tag?post=510267"}],"curies":[{"name":"wp","href":"https:\/\/api.w.org\/{rel}","templated":true}]}}