
{"id":510261,"date":"2025-11-03T19:01:33","date_gmt":"2025-11-03T22:01:33","guid":{"rendered":"https:\/\/azerothcomicstore.shop\/?post_type=product&#038;p=510261"},"modified":"2025-11-03T19:03:21","modified_gmt":"2025-11-03T22:03:21","slug":"coleccion-spider-man-universo-arana-vol-16-la-muerte-de-spider-man","status":"publish","type":"product","link":"https:\/\/azerothcomicstore.shop\/index.php\/producto\/coleccion-spider-man-universo-arana-vol-16-la-muerte-de-spider-man\/","title":{"rendered":"Colecci\u00f3n Spider-Man: Universo Ara\u00f1a Vol.16 La Muerte de Spider-Man"},"content":{"rendered":"<p>Contiene: Ultimate Spider-Man Vol. 1 #156 al 160 (Marzo a Junio de 2011), de la edici\u00f3n USA.<\/p>\n<p>\u00a1LA VIDA DEL PRIMER SPIDER-MAN LLEGA A SU FIN!<\/p>\n<p>Antes de que Miles Morales heredara el poder y la responsabilidad, un adolescente Peter Parker jur\u00f3 utilizar sus poderes ar\u00e1cnidos para luchar por el bien. Pero con un ej\u00e9rcito de villanos dispuestos a destruirlos a \u00e9l y a todos sus seres queridos, esta podr\u00eda ser su \u00faltima gran batalla&#8230;<\/p>\n","protected":false},"excerpt":{"rendered":"<p>Contiene: Ultimate Spider-Man Vol. 1 #156 al 160 (Marzo a Junio de 2011), de la edici\u00f3n USA. \u00a1LA VIDA DEL PRIMER SPIDER-MAN LLEGA A SU FIN! Antes de que Miles<\/p>\n","protected":false},"featured_media":510266,"template":"","meta":[],"product_cat":[157],"product_tag":[293,323,151,1750],"jetpack_sharing_enabled":true,"_links":{"self":[{"href":"https:\/\/azerothcomicstore.shop\/index.php\/wp-json\/wp\/v2\/product\/510261"}],"collection":[{"href":"https:\/\/azerothcomicstore.shop\/index.php\/wp-json\/wp\/v2\/product"}],"about":[{"href":"https:\/\/azerothcomicstore.shop\/index.php\/wp-json\/wp\/v2\/types\/product"}],"wp:featuredmedia":[{"embeddable":true,"href":"https:\/\/azerothcomicstore.shop\/index.php\/wp-json\/wp\/v2\/media\/510266"}],"wp:attachment":[{"href":"https:\/\/azerothcomicstore.shop\/index.php\/wp-json\/wp\/v2\/media?parent=510261"}],"wp:term":[{"taxonomy":"product_cat","embeddable":true,"href":"https:\/\/azerothcomicstore.shop\/index.php\/wp-json\/wp\/v2\/product_cat?post=510261"},{"taxonomy":"product_tag","embeddable":true,"href":"https:\/\/azerothcomicstore.shop\/index.php\/wp-json\/wp\/v2\/product_tag?post=510261"}],"curies":[{"name":"wp","href":"https:\/\/api.w.org\/{rel}","templated":true}]}}