
{"id":510259,"date":"2025-11-03T18:59:36","date_gmt":"2025-11-03T21:59:36","guid":{"rendered":"https:\/\/azerothcomicstore.shop\/?post_type=product&#038;p=510259"},"modified":"2025-11-03T19:01:17","modified_gmt":"2025-11-03T22:01:17","slug":"coleccion-spider-man-universo-arana-vol-14-spider-man-reino","status":"publish","type":"product","link":"https:\/\/azerothcomicstore.shop\/index.php\/producto\/coleccion-spider-man-universo-arana-vol-14-spider-man-reino\/","title":{"rendered":"Colecci\u00f3n Spider-Man: Universo Ara\u00f1a Vol.15 Spider-Man: Reino"},"content":{"rendered":"<p>Contiene: Spider-Man &#8220;Reign&#8221; #1 al 4 (Febrero a Mayo de 2007), de la edici\u00f3n USA.<\/p>\n<p>\u00a1LA HORA M\u00c1S OSCURA DE SPIDER-MAN!<\/p>\n<p>Agobiado por su pasado tr\u00e1gico, un anciano Peter Parker se reh\u00fasa a hacerse cargo de su gran responsabilidad y permite que Nueva York se vuelva una distop\u00eda totalitaria. Para que Spider-man regrese, primero deber\u00e1 perdonarse a s\u00ed mismo.<\/p>\n","protected":false},"excerpt":{"rendered":"<p>Contiene: Spider-Man &#8220;Reign&#8221; #1 al 4 (Febrero a Mayo de 2007), de la edici\u00f3n USA. \u00a1LA HORA M\u00c1S OSCURA DE SPIDER-MAN! Agobiado por su pasado tr\u00e1gico, un anciano Peter Parker<\/p>\n","protected":false},"featured_media":510255,"template":"","meta":[],"product_cat":[157],"product_tag":[293,323,151,1750],"jetpack_sharing_enabled":true,"_links":{"self":[{"href":"https:\/\/azerothcomicstore.shop\/index.php\/wp-json\/wp\/v2\/product\/510259"}],"collection":[{"href":"https:\/\/azerothcomicstore.shop\/index.php\/wp-json\/wp\/v2\/product"}],"about":[{"href":"https:\/\/azerothcomicstore.shop\/index.php\/wp-json\/wp\/v2\/types\/product"}],"wp:featuredmedia":[{"embeddable":true,"href":"https:\/\/azerothcomicstore.shop\/index.php\/wp-json\/wp\/v2\/media\/510255"}],"wp:attachment":[{"href":"https:\/\/azerothcomicstore.shop\/index.php\/wp-json\/wp\/v2\/media?parent=510259"}],"wp:term":[{"taxonomy":"product_cat","embeddable":true,"href":"https:\/\/azerothcomicstore.shop\/index.php\/wp-json\/wp\/v2\/product_cat?post=510259"},{"taxonomy":"product_tag","embeddable":true,"href":"https:\/\/azerothcomicstore.shop\/index.php\/wp-json\/wp\/v2\/product_tag?post=510259"}],"curies":[{"name":"wp","href":"https:\/\/api.w.org\/{rel}","templated":true}]}}