
{"id":510258,"date":"2025-11-03T18:58:31","date_gmt":"2025-11-03T21:58:31","guid":{"rendered":"https:\/\/azerothcomicstore.shop\/?post_type=product&#038;p=510258"},"modified":"2025-11-03T18:59:23","modified_gmt":"2025-11-03T21:59:23","slug":"coleccion-spider-man-universo-arana-vol-14-spider-man-noir","status":"publish","type":"product","link":"https:\/\/azerothcomicstore.shop\/index.php\/producto\/coleccion-spider-man-universo-arana-vol-14-spider-man-noir\/","title":{"rendered":"Colecci\u00f3n Spider-Man: Universo Ara\u00f1a Vol.14 Spider-Man: Noir"},"content":{"rendered":"<p>Contiene: Spider-Man Noir Vol. 1 #1 al 4 (Diciembre de 2008 a Marzo de 2009), de la edici\u00f3n USA.<\/p>\n<p>\u00a1UN GRAN PODER CONLLEVA UN GRAN REV\u00d3LVER!<\/p>\n<p>En la s\u00f3rdida Nueva York de la era de la Gran Depresi\u00f3n, un joven Peter Parker decide enfrentarse a la mafia del Goblin convirti\u00e9ndose en el vigilante m\u00e1s duro e implacable de la ciudad. \u00bfLo ayudar\u00e1n el fotoperiodista Ben Urich y la mujer fatal Felicia Hardy&#8230; o le clavar\u00e1n un pu\u00f1al en la espalda?<\/p>\n","protected":false},"excerpt":{"rendered":"<p>Contiene: Spider-Man Noir Vol. 1 #1 al 4 (Diciembre de 2008 a Marzo de 2009), de la edici\u00f3n USA. \u00a1UN GRAN PODER CONLLEVA UN GRAN REV\u00d3LVER! En la s\u00f3rdida Nueva<\/p>\n","protected":false},"featured_media":510256,"template":"","meta":[],"product_cat":[157],"product_tag":[293,323,151,1750],"jetpack_sharing_enabled":true,"_links":{"self":[{"href":"https:\/\/azerothcomicstore.shop\/index.php\/wp-json\/wp\/v2\/product\/510258"}],"collection":[{"href":"https:\/\/azerothcomicstore.shop\/index.php\/wp-json\/wp\/v2\/product"}],"about":[{"href":"https:\/\/azerothcomicstore.shop\/index.php\/wp-json\/wp\/v2\/types\/product"}],"wp:featuredmedia":[{"embeddable":true,"href":"https:\/\/azerothcomicstore.shop\/index.php\/wp-json\/wp\/v2\/media\/510256"}],"wp:attachment":[{"href":"https:\/\/azerothcomicstore.shop\/index.php\/wp-json\/wp\/v2\/media?parent=510258"}],"wp:term":[{"taxonomy":"product_cat","embeddable":true,"href":"https:\/\/azerothcomicstore.shop\/index.php\/wp-json\/wp\/v2\/product_cat?post=510258"},{"taxonomy":"product_tag","embeddable":true,"href":"https:\/\/azerothcomicstore.shop\/index.php\/wp-json\/wp\/v2\/product_tag?post=510258"}],"curies":[{"name":"wp","href":"https:\/\/api.w.org\/{rel}","templated":true}]}}