
{"id":510252,"date":"2025-11-03T18:54:05","date_gmt":"2025-11-03T21:54:05","guid":{"rendered":"https:\/\/azerothcomicstore.shop\/?post_type=product&#038;p=510252"},"modified":"2025-11-03T18:55:10","modified_gmt":"2025-11-03T21:55:10","slug":"coleccion-spider-man-universo-arana-vol-12-dinastia-m","status":"publish","type":"product","link":"https:\/\/azerothcomicstore.shop\/index.php\/producto\/coleccion-spider-man-universo-arana-vol-12-dinastia-m\/","title":{"rendered":"Colecci\u00f3n Spider-Man: Universo Ara\u00f1a Vol.12 Dinast\u00eda M"},"content":{"rendered":"<p>Contiene: Spider-Man &#8220;House of M&#8221; #1 al 5 (Agosto a Diciembre de 2005), de la edici\u00f3n USA.<\/p>\n<p>\u00a1UN EVENTO ESPECIAL DE LA DINAST\u00cdA M!<\/p>\n<p>En una realidad donde los mutantes son la raza superior, Spider-Man es el h\u00e9roe m\u00e1s querido del mundo. Pero Peter Parker oculta un secreto, uno que amenaza con destruir su vida&#8230; \u00a1y su mundo!<\/p>\n","protected":false},"excerpt":{"rendered":"<p>Contiene: Spider-Man &#8220;House of M&#8221; #1 al 5 (Agosto a Diciembre de 2005), de la edici\u00f3n USA. \u00a1UN EVENTO ESPECIAL DE LA DINAST\u00cdA M! En una realidad donde los mutantes<\/p>\n","protected":false},"featured_media":510253,"template":"","meta":[],"product_cat":[157],"product_tag":[293,323,151,1750],"jetpack_sharing_enabled":true,"_links":{"self":[{"href":"https:\/\/azerothcomicstore.shop\/index.php\/wp-json\/wp\/v2\/product\/510252"}],"collection":[{"href":"https:\/\/azerothcomicstore.shop\/index.php\/wp-json\/wp\/v2\/product"}],"about":[{"href":"https:\/\/azerothcomicstore.shop\/index.php\/wp-json\/wp\/v2\/types\/product"}],"wp:featuredmedia":[{"embeddable":true,"href":"https:\/\/azerothcomicstore.shop\/index.php\/wp-json\/wp\/v2\/media\/510253"}],"wp:attachment":[{"href":"https:\/\/azerothcomicstore.shop\/index.php\/wp-json\/wp\/v2\/media?parent=510252"}],"wp:term":[{"taxonomy":"product_cat","embeddable":true,"href":"https:\/\/azerothcomicstore.shop\/index.php\/wp-json\/wp\/v2\/product_cat?post=510252"},{"taxonomy":"product_tag","embeddable":true,"href":"https:\/\/azerothcomicstore.shop\/index.php\/wp-json\/wp\/v2\/product_tag?post=510252"}],"curies":[{"name":"wp","href":"https:\/\/api.w.org\/{rel}","templated":true}]}}