
{"id":510251,"date":"2025-11-03T18:52:45","date_gmt":"2025-11-03T21:52:45","guid":{"rendered":"https:\/\/azerothcomicstore.shop\/?post_type=product&#038;p=510251"},"modified":"2025-11-03T18:53:50","modified_gmt":"2025-11-03T21:53:50","slug":"coleccion-spider-man-universo-arana-vol-11-guerreros-arana","status":"publish","type":"product","link":"https:\/\/azerothcomicstore.shop\/index.php\/producto\/coleccion-spider-man-universo-arana-vol-11-guerreros-arana\/","title":{"rendered":"Colecci\u00f3n Spider-Man: Universo Ara\u00f1a Vol.11 Guerreros Ara\u00f1a"},"content":{"rendered":"<p>Contiene: Amazing Spider-Man Vol. 4 #1 &#8220;Historia Church and (Quantum) State&#8221; (Octubre de 2015) y Web Warriors #1 al 5 (Noviembre de 2015 a Marzo de 2016), de la edici\u00f3n USA.<\/p>\n<p>\u00a1TODOS TUS AMIGOS ARA\u00d1A EN UN SOLO LUGAR!<\/p>\n<p>Luego del ataque de los Herederos, muchas realidades se quedaron sin sus protectores ar\u00e1cnidos&#8230; \u00a1pero este equipo de guerreros ara\u00f1a se encargar\u00e1n de que est\u00e9n protegidos! \u00a1Una emocionante aventura interdimensional!<\/p>\n","protected":false},"excerpt":{"rendered":"<p>Contiene: Amazing Spider-Man Vol. 4 #1 &#8220;Historia Church and (Quantum) State&#8221; (Octubre de 2015) y Web Warriors #1 al 5 (Noviembre de 2015 a Marzo de 2016), de la edici\u00f3n<\/p>\n","protected":false},"featured_media":510248,"template":"","meta":[],"product_cat":[157],"product_tag":[293,323,151,1750],"jetpack_sharing_enabled":true,"_links":{"self":[{"href":"https:\/\/azerothcomicstore.shop\/index.php\/wp-json\/wp\/v2\/product\/510251"}],"collection":[{"href":"https:\/\/azerothcomicstore.shop\/index.php\/wp-json\/wp\/v2\/product"}],"about":[{"href":"https:\/\/azerothcomicstore.shop\/index.php\/wp-json\/wp\/v2\/types\/product"}],"wp:featuredmedia":[{"embeddable":true,"href":"https:\/\/azerothcomicstore.shop\/index.php\/wp-json\/wp\/v2\/media\/510248"}],"wp:attachment":[{"href":"https:\/\/azerothcomicstore.shop\/index.php\/wp-json\/wp\/v2\/media?parent=510251"}],"wp:term":[{"taxonomy":"product_cat","embeddable":true,"href":"https:\/\/azerothcomicstore.shop\/index.php\/wp-json\/wp\/v2\/product_cat?post=510251"},{"taxonomy":"product_tag","embeddable":true,"href":"https:\/\/azerothcomicstore.shop\/index.php\/wp-json\/wp\/v2\/product_tag?post=510251"}],"curies":[{"name":"wp","href":"https:\/\/api.w.org\/{rel}","templated":true}]}}