
{"id":510247,"date":"2025-11-03T18:49:45","date_gmt":"2025-11-03T21:49:45","guid":{"rendered":"https:\/\/azerothcomicstore.shop\/?post_type=product&#038;p=510247"},"modified":"2025-11-03T18:52:24","modified_gmt":"2025-11-03T21:52:24","slug":"coleccion-spider-man-universo-arana-vol-10-venom-planeta-de-simbiotes","status":"publish","type":"product","link":"https:\/\/azerothcomicstore.shop\/index.php\/producto\/coleccion-spider-man-universo-arana-vol-10-venom-planeta-de-simbiotes\/","title":{"rendered":"Colecci\u00f3n Spider-Man: Universo Ara\u00f1a Vol.10 Venom: Planeta de Simbiotes"},"content":{"rendered":"<p>Contiene: Amazing Spider-Man &#8220;Super Special&#8221; (Junio de 1995), Spider-Man &#8220;Super Special&#8221; (Julio de 1995), Venom &#8220;Super Special&#8221; (Agosto de 1995), Spectacular Spider-Man &#8220;Super Special&#8221; (Septiembre de 1995) y Web of Spider-Man &#8220;Super Special&#8221; (Octubre de 1995), de la edici\u00f3n USA.<\/p>\n<p>\u00a1UNA AVENTURA SIMBI\u00d3TICA DE OTRO PLANETA!<\/p>\n<p>Eddie Brock tom\u00f3 la dr\u00e1stica decisi\u00f3n de separarse del simbionte Venom&#8230; \u00a1pero esto provoca una invasi\u00f3n a gran escala de la Tierra por parte de su raza alien\u00edgena! Eddie deber\u00e1 unirse a Spider-man y Scarlet Spider para viajar al planeta de los simbiontes y acabar con esta raza maldita de una vez por todas.<\/p>\n","protected":false},"excerpt":{"rendered":"<p>Contiene: Amazing Spider-Man &#8220;Super Special&#8221; (Junio de 1995), Spider-Man &#8220;Super Special&#8221; (Julio de 1995), Venom &#8220;Super Special&#8221; (Agosto de 1995), Spectacular Spider-Man &#8220;Super Special&#8221; (Septiembre de 1995) y Web of<\/p>\n","protected":false},"featured_media":510249,"template":"","meta":[],"product_cat":[157],"product_tag":[293,323,151,1750],"jetpack_sharing_enabled":true,"_links":{"self":[{"href":"https:\/\/azerothcomicstore.shop\/index.php\/wp-json\/wp\/v2\/product\/510247"}],"collection":[{"href":"https:\/\/azerothcomicstore.shop\/index.php\/wp-json\/wp\/v2\/product"}],"about":[{"href":"https:\/\/azerothcomicstore.shop\/index.php\/wp-json\/wp\/v2\/types\/product"}],"wp:featuredmedia":[{"embeddable":true,"href":"https:\/\/azerothcomicstore.shop\/index.php\/wp-json\/wp\/v2\/media\/510249"}],"wp:attachment":[{"href":"https:\/\/azerothcomicstore.shop\/index.php\/wp-json\/wp\/v2\/media?parent=510247"}],"wp:term":[{"taxonomy":"product_cat","embeddable":true,"href":"https:\/\/azerothcomicstore.shop\/index.php\/wp-json\/wp\/v2\/product_cat?post=510247"},{"taxonomy":"product_tag","embeddable":true,"href":"https:\/\/azerothcomicstore.shop\/index.php\/wp-json\/wp\/v2\/product_tag?post=510247"}],"curies":[{"name":"wp","href":"https:\/\/api.w.org\/{rel}","templated":true}]}}