
{"id":510245,"date":"2025-11-03T18:46:15","date_gmt":"2025-11-03T21:46:15","guid":{"rendered":"https:\/\/azerothcomicstore.shop\/?post_type=product&#038;p=510245"},"modified":"2025-11-03T18:48:00","modified_gmt":"2025-11-03T21:48:00","slug":"coleccion-spider-man-universo-arana-vol-09-spider-verse-conclusion","status":"publish","type":"product","link":"https:\/\/azerothcomicstore.shop\/index.php\/producto\/coleccion-spider-man-universo-arana-vol-09-spider-verse-conclusion\/","title":{"rendered":"Colecci\u00f3n Spider-Man: Universo Ara\u00f1a Vol.09 Spider-Verse: Conclusi\u00f3n"},"content":{"rendered":"<p>Contiene: Amazing Spider-Man Vol. 3 #13 al 15 (Enero y Febrero de 2015), Spider-Verse Team-Up Vol. 1 #3 (Enero de 2015), Spider-Woman Vol. 5 #3 y 4 (Enero y Febrero de 2015) y Spider-Man 2099 Vol. 2 #8 (Enero de 2015), de la edici\u00f3n USA.<\/p>\n<p>\u00a1EL UNIVERSO-ARA\u00d1A LLEGA A SU FIN!<\/p>\n<p>La batalla del ej\u00e9rcito ar\u00e1cnido llega a su climax absoluto cuando todos los equipos de h\u00e9roes confluyen en el Mundo Telar para hacerle frente a los Herederos. \u00a1Cada Spider-man de la historia tendr\u00e1 un rol en esta guerra interdimensional! Y cuando el polvo se asiente&#8230; \u00bfqui\u00e9nes sobrevivir\u00e1n? \u00bfY qu\u00e9 ara\u00f1a traicionar\u00e1 a las dem\u00e1s?<\/p>\n","protected":false},"excerpt":{"rendered":"<p>Contiene: Amazing Spider-Man Vol. 3 #13 al 15 (Enero y Febrero de 2015), Spider-Verse Team-Up Vol. 1 #3 (Enero de 2015), Spider-Woman Vol. 5 #3 y 4 (Enero y Febrero<\/p>\n","protected":false},"featured_media":510246,"template":"","meta":[],"product_cat":[157],"product_tag":[293,323,151,1750],"jetpack_sharing_enabled":true,"_links":{"self":[{"href":"https:\/\/azerothcomicstore.shop\/index.php\/wp-json\/wp\/v2\/product\/510245"}],"collection":[{"href":"https:\/\/azerothcomicstore.shop\/index.php\/wp-json\/wp\/v2\/product"}],"about":[{"href":"https:\/\/azerothcomicstore.shop\/index.php\/wp-json\/wp\/v2\/types\/product"}],"wp:featuredmedia":[{"embeddable":true,"href":"https:\/\/azerothcomicstore.shop\/index.php\/wp-json\/wp\/v2\/media\/510246"}],"wp:attachment":[{"href":"https:\/\/azerothcomicstore.shop\/index.php\/wp-json\/wp\/v2\/media?parent=510245"}],"wp:term":[{"taxonomy":"product_cat","embeddable":true,"href":"https:\/\/azerothcomicstore.shop\/index.php\/wp-json\/wp\/v2\/product_cat?post=510245"},{"taxonomy":"product_tag","embeddable":true,"href":"https:\/\/azerothcomicstore.shop\/index.php\/wp-json\/wp\/v2\/product_tag?post=510245"}],"curies":[{"name":"wp","href":"https:\/\/api.w.org\/{rel}","templated":true}]}}