
{"id":510243,"date":"2025-11-03T18:44:00","date_gmt":"2025-11-03T21:44:00","guid":{"rendered":"https:\/\/azerothcomicstore.shop\/?post_type=product&#038;p=510243"},"modified":"2025-11-03T18:48:39","modified_gmt":"2025-11-03T21:48:39","slug":"coleccion-spider-man-universo-arana-vol-08-spider-man-2099","status":"publish","type":"product","link":"https:\/\/azerothcomicstore.shop\/index.php\/producto\/coleccion-spider-man-universo-arana-vol-08-spider-man-2099\/","title":{"rendered":"Colecci\u00f3n Spider-Man: Universo Ara\u00f1a Vol.08 Spider-Man 2099"},"content":{"rendered":"<p>Contiene: Spider-Man 2099 Vol. 1 #1 al 3 (Septiembre a Noviembre de 1992) y Spider-Man 2099 Meets Spider-Man (Diciembre de 1995), de la edici\u00f3n USA.<\/p>\n<p>\u00a1S\u00c9 TESTIGO DE UN OSCURO MA\u00d1ANA!<\/p>\n<p>Venture, el Especialista , el Buitre: el futuro est\u00e1 lleno de amenazas, \u00a1pero ninguno tan vil como un gobierno corrupto y las corporaciones detr\u00e1s de \u00e9l! Un futuro aterrador necesita a un h\u00e9roe que sea igual de espeluznante, \u00bftal vez un \u201ctrepa-muros\u201d?<\/p>\n","protected":false},"excerpt":{"rendered":"<p>Contiene: Spider-Man 2099 Vol. 1 #1 al 3 (Septiembre a Noviembre de 1992) y Spider-Man 2099 Meets Spider-Man (Diciembre de 1995), de la edici\u00f3n USA. \u00a1S\u00c9 TESTIGO DE UN OSCURO<\/p>\n","protected":false},"featured_media":510244,"template":"","meta":[],"product_cat":[157],"product_tag":[293,323,151,1750],"jetpack_sharing_enabled":true,"_links":{"self":[{"href":"https:\/\/azerothcomicstore.shop\/index.php\/wp-json\/wp\/v2\/product\/510243"}],"collection":[{"href":"https:\/\/azerothcomicstore.shop\/index.php\/wp-json\/wp\/v2\/product"}],"about":[{"href":"https:\/\/azerothcomicstore.shop\/index.php\/wp-json\/wp\/v2\/types\/product"}],"wp:featuredmedia":[{"embeddable":true,"href":"https:\/\/azerothcomicstore.shop\/index.php\/wp-json\/wp\/v2\/media\/510244"}],"wp:attachment":[{"href":"https:\/\/azerothcomicstore.shop\/index.php\/wp-json\/wp\/v2\/media?parent=510243"}],"wp:term":[{"taxonomy":"product_cat","embeddable":true,"href":"https:\/\/azerothcomicstore.shop\/index.php\/wp-json\/wp\/v2\/product_cat?post=510243"},{"taxonomy":"product_tag","embeddable":true,"href":"https:\/\/azerothcomicstore.shop\/index.php\/wp-json\/wp\/v2\/product_tag?post=510243"}],"curies":[{"name":"wp","href":"https:\/\/api.w.org\/{rel}","templated":true}]}}