
{"id":510241,"date":"2025-11-03T18:42:03","date_gmt":"2025-11-03T21:42:03","guid":{"rendered":"https:\/\/azerothcomicstore.shop\/?post_type=product&#038;p=510241"},"modified":"2025-11-03T18:43:20","modified_gmt":"2025-11-03T21:43:20","slug":"coleccion-spider-man-universo-arana-vol-07-spider-verse-tercera-parte","status":"publish","type":"product","link":"https:\/\/azerothcomicstore.shop\/index.php\/producto\/coleccion-spider-man-universo-arana-vol-07-spider-verse-tercera-parte\/","title":{"rendered":"Colecci\u00f3n Spider-Man: Universo Ara\u00f1a Vol.07 Spider-Verse Tercera Parte"},"content":{"rendered":"<p>Contiene: Amazing Spider-Man Vol. 3 #12 (Enero de 2015), Spider-Woman Vol. 5 #1 y 2 (Noviembre y Diciembre de 2014), Scarlet Spiders Vol. 1 #2 y 3 (Diciembre de 2014 y Enero de 2015) y Spider-Man 2099 Vol. 2 #7 (Enero de 2015), de la edici\u00f3n USA.<\/p>\n<p>\u00a1LA CACER\u00cdA DE ARA\u00d1AS SE INTENSIFICA!<\/p>\n<p>Una aterradora familia llamada los Herederos est\u00e1 viajando a trav\u00e9s del multiverso buscando alimentarse de la energ\u00eda vital de los seres ar\u00e1cnidos. Luego de una cruenta batalla, Peter tom\u00f3 el liderazgo y las ara\u00f1as se dividieron en equipos con misiones en distintos universos. \u00a1Nuevas amenazas los esperan!<\/p>\n","protected":false},"excerpt":{"rendered":"<p>Contiene: Amazing Spider-Man Vol. 3 #12 (Enero de 2015), Spider-Woman Vol. 5 #1 y 2 (Noviembre y Diciembre de 2014), Scarlet Spiders Vol. 1 #2 y 3 (Diciembre de 2014<\/p>\n","protected":false},"featured_media":510242,"template":"","meta":[],"product_cat":[157],"product_tag":[293,323,151,1750],"jetpack_sharing_enabled":true,"_links":{"self":[{"href":"https:\/\/azerothcomicstore.shop\/index.php\/wp-json\/wp\/v2\/product\/510241"}],"collection":[{"href":"https:\/\/azerothcomicstore.shop\/index.php\/wp-json\/wp\/v2\/product"}],"about":[{"href":"https:\/\/azerothcomicstore.shop\/index.php\/wp-json\/wp\/v2\/types\/product"}],"wp:featuredmedia":[{"embeddable":true,"href":"https:\/\/azerothcomicstore.shop\/index.php\/wp-json\/wp\/v2\/media\/510242"}],"wp:attachment":[{"href":"https:\/\/azerothcomicstore.shop\/index.php\/wp-json\/wp\/v2\/media?parent=510241"}],"wp:term":[{"taxonomy":"product_cat","embeddable":true,"href":"https:\/\/azerothcomicstore.shop\/index.php\/wp-json\/wp\/v2\/product_cat?post=510241"},{"taxonomy":"product_tag","embeddable":true,"href":"https:\/\/azerothcomicstore.shop\/index.php\/wp-json\/wp\/v2\/product_tag?post=510241"}],"curies":[{"name":"wp","href":"https:\/\/api.w.org\/{rel}","templated":true}]}}