
{"id":510239,"date":"2025-11-03T18:40:06","date_gmt":"2025-11-03T21:40:06","guid":{"rendered":"https:\/\/azerothcomicstore.shop\/?post_type=product&#038;p=510239"},"modified":"2025-11-03T18:43:50","modified_gmt":"2025-11-03T21:43:50","slug":"coleccion-spider-man-universo-arana-vol-06-venom-protector-letal","status":"publish","type":"product","link":"https:\/\/azerothcomicstore.shop\/index.php\/producto\/coleccion-spider-man-universo-arana-vol-06-venom-protector-letal\/","title":{"rendered":"Colecci\u00f3n Spider-Man: Universo Ara\u00f1a Vol.06 Venom Protector Letal"},"content":{"rendered":"<p>Contiene: Venom &#8220;Lethal Protector&#8221; Vol. 1 #1 al 6 (Diciembre de 1992 a Mayo de 1993), de la edici\u00f3n USA.<\/p>\n<p>\u00a1SIMBIONTE ALIEN\u00cdGENA Y DEFENSOR DEL INOCENTE!<\/p>\n<p>\u00a1Eddie Brock y su \u201cotro yo\u201d simbi\u00f3tico dan vuelta la p\u00e1gina para convertirse en h\u00e9roes! Pero cuando Venom se dirige hacia el Oeste, no faltar\u00e1n enemigos listos para evaluar su nueva iniciativa. Adem\u00e1s, el Protector Letal dar\u00e1 a luz a una horda de nuevos simbiontes. Pero, \u00bfseguir\u00e1n los pasos \u201cheroicos\u201d de su querido padre? \u00a1Es poco probable!<\/p>\n","protected":false},"excerpt":{"rendered":"<p>Contiene: Venom &#8220;Lethal Protector&#8221; Vol. 1 #1 al 6 (Diciembre de 1992 a Mayo de 1993), de la edici\u00f3n USA. \u00a1SIMBIONTE ALIEN\u00cdGENA Y DEFENSOR DEL INOCENTE! \u00a1Eddie Brock y su<\/p>\n","protected":false},"featured_media":510240,"template":"","meta":[],"product_cat":[157],"product_tag":[293,323,151,1750],"jetpack_sharing_enabled":true,"_links":{"self":[{"href":"https:\/\/azerothcomicstore.shop\/index.php\/wp-json\/wp\/v2\/product\/510239"}],"collection":[{"href":"https:\/\/azerothcomicstore.shop\/index.php\/wp-json\/wp\/v2\/product"}],"about":[{"href":"https:\/\/azerothcomicstore.shop\/index.php\/wp-json\/wp\/v2\/types\/product"}],"wp:featuredmedia":[{"embeddable":true,"href":"https:\/\/azerothcomicstore.shop\/index.php\/wp-json\/wp\/v2\/media\/510240"}],"wp:attachment":[{"href":"https:\/\/azerothcomicstore.shop\/index.php\/wp-json\/wp\/v2\/media?parent=510239"}],"wp:term":[{"taxonomy":"product_cat","embeddable":true,"href":"https:\/\/azerothcomicstore.shop\/index.php\/wp-json\/wp\/v2\/product_cat?post=510239"},{"taxonomy":"product_tag","embeddable":true,"href":"https:\/\/azerothcomicstore.shop\/index.php\/wp-json\/wp\/v2\/product_tag?post=510239"}],"curies":[{"name":"wp","href":"https:\/\/api.w.org\/{rel}","templated":true}]}}