
{"id":510237,"date":"2025-11-03T18:35:04","date_gmt":"2025-11-03T21:35:04","guid":{"rendered":"https:\/\/azerothcomicstore.shop\/?post_type=product&#038;p=510237"},"modified":"2025-11-03T18:37:59","modified_gmt":"2025-11-03T21:37:59","slug":"coleccion-spider-man-universo-arana-vol-05-spider-verse-segunda-parte","status":"publish","type":"product","link":"https:\/\/azerothcomicstore.shop\/index.php\/producto\/coleccion-spider-man-universo-arana-vol-05-spider-verse-segunda-parte\/","title":{"rendered":"Colecci\u00f3n Spider-Man: Universo Ara\u00f1a Vol.05 Spider-Verse: Segunda Parte"},"content":{"rendered":"<p>Contiene: Amazing Spider-Man Vol. 3 #10 y 11 (Noviembre y Diciembre de 2014), Spider-Verse Team-Up Vol.1 #1 y 2 (Noviembre y Diciembre de 2014), Spider-Man 2099 Vol. 2 #6 (Noviembre de 2014) y Scarlet Spiders Vol. 1 #1 (Noviembre de 2014), de la edici\u00f3n USA.<\/p>\n<p>\u00a1EL UNIVERSO-ARA\u00d1A YA EST\u00c1 AQU\u00cd!<\/p>\n<p>Una aterradora familia llamada los Herederos est\u00e1 viajando a trav\u00e9s del multiverso aliment\u00e1ndose de la energ\u00eda vital de los seres ara\u00f1a. Un grupo de ar\u00e1cnidos que se hab\u00eda unido para enfrentarlos le ha pedido ayuda a Peter Parker, el Asombroso Spider-Man, la \u00fanica ara\u00f1a que alguna vez venci\u00f3 a un Heredero.<\/p>\n","protected":false},"excerpt":{"rendered":"<p>Contiene: Amazing Spider-Man Vol. 3 #10 y 11 (Noviembre y Diciembre de 2014), Spider-Verse Team-Up Vol.1 #1 y 2 (Noviembre y Diciembre de 2014), Spider-Man 2099 Vol. 2 #6 (Noviembre<\/p>\n","protected":false},"featured_media":510238,"template":"","meta":[],"product_cat":[157],"product_tag":[293,323,151,1750],"jetpack_sharing_enabled":true,"_links":{"self":[{"href":"https:\/\/azerothcomicstore.shop\/index.php\/wp-json\/wp\/v2\/product\/510237"}],"collection":[{"href":"https:\/\/azerothcomicstore.shop\/index.php\/wp-json\/wp\/v2\/product"}],"about":[{"href":"https:\/\/azerothcomicstore.shop\/index.php\/wp-json\/wp\/v2\/types\/product"}],"wp:featuredmedia":[{"embeddable":true,"href":"https:\/\/azerothcomicstore.shop\/index.php\/wp-json\/wp\/v2\/media\/510238"}],"wp:attachment":[{"href":"https:\/\/azerothcomicstore.shop\/index.php\/wp-json\/wp\/v2\/media?parent=510237"}],"wp:term":[{"taxonomy":"product_cat","embeddable":true,"href":"https:\/\/azerothcomicstore.shop\/index.php\/wp-json\/wp\/v2\/product_cat?post=510237"},{"taxonomy":"product_tag","embeddable":true,"href":"https:\/\/azerothcomicstore.shop\/index.php\/wp-json\/wp\/v2\/product_tag?post=510237"}],"curies":[{"name":"wp","href":"https:\/\/api.w.org\/{rel}","templated":true}]}}