
{"id":510236,"date":"2025-11-03T18:32:36","date_gmt":"2025-11-03T21:32:36","guid":{"rendered":"https:\/\/azerothcomicstore.shop\/?post_type=product&#038;p=510236"},"modified":"2025-11-03T18:34:27","modified_gmt":"2025-11-03T21:34:27","slug":"coleccion-spider-man-universo-arana-vol-04-spider-man-la-saga-del-clon","status":"publish","type":"product","link":"https:\/\/azerothcomicstore.shop\/index.php\/producto\/coleccion-spider-man-universo-arana-vol-04-spider-man-la-saga-del-clon\/","title":{"rendered":"Colecci\u00f3n Spider-Man: Universo Ara\u00f1a Vol.04 Spider-Man La Saga del Clon"},"content":{"rendered":"<p>Contiene: Spider-Man &#8220;The Clone Saga&#8221; #1 al 6 (Septiembre de 2009 a Febrero de 2010), de la edici\u00f3n USA.<\/p>\n<p>\u00a1PETER PARKER VERSUS PETER PARKER!<\/p>\n<p>Esta es la historia de dos j\u00f3venes&#8230; Uno qued\u00f3 hu\u00e9rfano cuando era ni\u00f1o, fue criado por sus t\u00edos y mordido por una ara\u00f1a radiactiva que le otorg\u00f3 incre\u00edbles habilidades. El otro era su duplicado gen\u00e9tico. Ahora, en medio de una constante agitaci\u00f3n, con su esposa embarazada y con la t\u00eda May en un grave estado de salud, Peter y su doble volver\u00e1n a encontrarse.<\/p>\n","protected":false},"excerpt":{"rendered":"<p>Contiene: Spider-Man &#8220;The Clone Saga&#8221; #1 al 6 (Septiembre de 2009 a Febrero de 2010), de la edici\u00f3n USA. \u00a1PETER PARKER VERSUS PETER PARKER! Esta es la historia de dos<\/p>\n","protected":false},"featured_media":510232,"template":"","meta":[],"product_cat":[157],"product_tag":[293,323,151,1750],"jetpack_sharing_enabled":true,"_links":{"self":[{"href":"https:\/\/azerothcomicstore.shop\/index.php\/wp-json\/wp\/v2\/product\/510236"}],"collection":[{"href":"https:\/\/azerothcomicstore.shop\/index.php\/wp-json\/wp\/v2\/product"}],"about":[{"href":"https:\/\/azerothcomicstore.shop\/index.php\/wp-json\/wp\/v2\/types\/product"}],"wp:featuredmedia":[{"embeddable":true,"href":"https:\/\/azerothcomicstore.shop\/index.php\/wp-json\/wp\/v2\/media\/510232"}],"wp:attachment":[{"href":"https:\/\/azerothcomicstore.shop\/index.php\/wp-json\/wp\/v2\/media?parent=510236"}],"wp:term":[{"taxonomy":"product_cat","embeddable":true,"href":"https:\/\/azerothcomicstore.shop\/index.php\/wp-json\/wp\/v2\/product_cat?post=510236"},{"taxonomy":"product_tag","embeddable":true,"href":"https:\/\/azerothcomicstore.shop\/index.php\/wp-json\/wp\/v2\/product_tag?post=510236"}],"curies":[{"name":"wp","href":"https:\/\/api.w.org\/{rel}","templated":true}]}}