
{"id":510235,"date":"2025-11-03T18:30:42","date_gmt":"2025-11-03T21:30:42","guid":{"rendered":"https:\/\/azerothcomicstore.shop\/?post_type=product&#038;p=510235"},"modified":"2025-11-03T18:32:25","modified_gmt":"2025-11-03T21:32:25","slug":"coleccion-spider-man-universo-arana-vol-03-spider-man-gamerverse","status":"publish","type":"product","link":"https:\/\/azerothcomicstore.shop\/index.php\/producto\/coleccion-spider-man-universo-arana-vol-03-spider-man-gamerverse\/","title":{"rendered":"Colecci\u00f3n Spider-Man: Universo Ara\u00f1a Vol.03 Spider-Man Gamerverse"},"content":{"rendered":"<p>Contiene: Marvel&#8217;s Spider-Man &#8220;City at War&#8221; #1 al 6 (Marzo a Agosto de 2019), de la edici\u00f3n USA.<\/p>\n<p>\u00a1INSPIRADO EN EL EXITOSO VIDEOJUEGO!<\/p>\n<p>Despu\u00e9s de a\u00f1os de ver a Wilson Fisk escapar de un proceso penal, el lanzarredes finalmente tiene la oportunidad de unirse a la polic\u00eda de Nueva York para ayudar a arrestar a su temible enemigo. Pero el misterioso ascenso al poder de Mister Negativo har\u00e1 que la vida civil de Peter Parker y el mundo sobrehumano de Spider-Man colisionen.<\/p>\n","protected":false},"excerpt":{"rendered":"<p>Contiene: Marvel&#8217;s Spider-Man &#8220;City at War&#8221; #1 al 6 (Marzo a Agosto de 2019), de la edici\u00f3n USA. \u00a1INSPIRADO EN EL EXITOSO VIDEOJUEGO! Despu\u00e9s de a\u00f1os de ver a Wilson<\/p>\n","protected":false},"featured_media":510233,"template":"","meta":[],"product_cat":[157],"product_tag":[293,323,151,1750],"jetpack_sharing_enabled":true,"_links":{"self":[{"href":"https:\/\/azerothcomicstore.shop\/index.php\/wp-json\/wp\/v2\/product\/510235"}],"collection":[{"href":"https:\/\/azerothcomicstore.shop\/index.php\/wp-json\/wp\/v2\/product"}],"about":[{"href":"https:\/\/azerothcomicstore.shop\/index.php\/wp-json\/wp\/v2\/types\/product"}],"wp:featuredmedia":[{"embeddable":true,"href":"https:\/\/azerothcomicstore.shop\/index.php\/wp-json\/wp\/v2\/media\/510233"}],"wp:attachment":[{"href":"https:\/\/azerothcomicstore.shop\/index.php\/wp-json\/wp\/v2\/media?parent=510235"}],"wp:term":[{"taxonomy":"product_cat","embeddable":true,"href":"https:\/\/azerothcomicstore.shop\/index.php\/wp-json\/wp\/v2\/product_cat?post=510235"},{"taxonomy":"product_tag","embeddable":true,"href":"https:\/\/azerothcomicstore.shop\/index.php\/wp-json\/wp\/v2\/product_tag?post=510235"}],"curies":[{"name":"wp","href":"https:\/\/api.w.org\/{rel}","templated":true}]}}