
{"id":510231,"date":"2025-11-03T18:26:55","date_gmt":"2025-11-03T21:26:55","guid":{"rendered":"https:\/\/azerothcomicstore.shop\/?post_type=product&#038;p=510231"},"modified":"2025-11-03T18:30:36","modified_gmt":"2025-11-03T21:30:36","slug":"coleccion-spider-man-universo-arana-vol-02-venom-vs-carnage","status":"publish","type":"product","link":"https:\/\/azerothcomicstore.shop\/index.php\/producto\/coleccion-spider-man-universo-arana-vol-02-venom-vs-carnage\/","title":{"rendered":"Colecci\u00f3n Spider-Man: Universo Ara\u00f1a Vol.02 Venom Vs. Carnage"},"content":{"rendered":"<p>Contiene: Venom vs. Carnage #1 al 4 (Julio a Noviembre de 2004), de la edici\u00f3n USA.<\/p>\n<p>\u00a1ELLOS SON EL MAL ENCARNADO!<\/p>\n<p>\u00bfQu\u00e9 es peor que un simbionte ca\u00f3tico? Dos. \u00bfQu\u00e9 es peor que eso? Tres. As\u00ed es: la descendencia de Venom, Carnage, est\u00e1 a punto de tener un beb\u00e9, una criatura de indescriptible poder y apetito. La pregunta es, \u00bfqui\u00e9n va a criarlo? R\u00e1pido, \u00a1que alguien llame a Spider-man!<\/p>\n","protected":false},"excerpt":{"rendered":"<p>Contiene: Venom vs. Carnage #1 al 4 (Julio a Noviembre de 2004), de la edici\u00f3n USA. \u00a1ELLOS SON EL MAL ENCARNADO! \u00bfQu\u00e9 es peor que un simbionte ca\u00f3tico? Dos. \u00bfQu\u00e9<\/p>\n","protected":false},"featured_media":510234,"template":"","meta":[],"product_cat":[157],"product_tag":[293,323,151,1750],"jetpack_sharing_enabled":true,"_links":{"self":[{"href":"https:\/\/azerothcomicstore.shop\/index.php\/wp-json\/wp\/v2\/product\/510231"}],"collection":[{"href":"https:\/\/azerothcomicstore.shop\/index.php\/wp-json\/wp\/v2\/product"}],"about":[{"href":"https:\/\/azerothcomicstore.shop\/index.php\/wp-json\/wp\/v2\/types\/product"}],"wp:featuredmedia":[{"embeddable":true,"href":"https:\/\/azerothcomicstore.shop\/index.php\/wp-json\/wp\/v2\/media\/510234"}],"wp:attachment":[{"href":"https:\/\/azerothcomicstore.shop\/index.php\/wp-json\/wp\/v2\/media?parent=510231"}],"wp:term":[{"taxonomy":"product_cat","embeddable":true,"href":"https:\/\/azerothcomicstore.shop\/index.php\/wp-json\/wp\/v2\/product_cat?post=510231"},{"taxonomy":"product_tag","embeddable":true,"href":"https:\/\/azerothcomicstore.shop\/index.php\/wp-json\/wp\/v2\/product_tag?post=510231"}],"curies":[{"name":"wp","href":"https:\/\/api.w.org\/{rel}","templated":true}]}}