
{"id":510229,"date":"2025-11-03T18:13:10","date_gmt":"2025-11-03T21:13:10","guid":{"rendered":"https:\/\/azerothcomicstore.shop\/?post_type=product&#038;p=510229"},"modified":"2025-11-03T18:36:30","modified_gmt":"2025-11-03T21:36:30","slug":"coleccion-spider-man-universo-arana-vol-01-spider-verse-primera-parte","status":"publish","type":"product","link":"https:\/\/azerothcomicstore.shop\/index.php\/producto\/coleccion-spider-man-universo-arana-vol-01-spider-verse-primera-parte\/","title":{"rendered":"Colecci\u00f3n Spider-Man: Universo Ara\u00f1a Vol.01 Spider-Verse: Primera Parte"},"content":{"rendered":"<p>Contiene: Amazing Spider-Man Vol. 3 #7 al 9 (Octubre a Noviembre de 2014), Superior Spider-Man Vol. 1 #32 y 33 (Agosto y Septiembre de 2014) y Spider-Verse #1 y 2 (Noviembre de 2014 y Enero de 2015), de la edici\u00f3n USA.<\/p>\n<p>\u00a1AQU\u00cd COMIENZA A TEJERSE EL UNIVERSO-ARA\u00d1A!<\/p>\n<p>Morlun ha dado inicio a la gran cacer\u00eda, en la que \u00e9l y su familia matar\u00e1n a los T\u00f3tems Ar\u00e1cnidos de todo el multiverso. La \u00fanica esperanza es que cada Spider-Man que alguna vez haya existido en las tierras paralelas se una y forme el ej\u00e9rcito m\u00e1s asombroso de la historia.<\/p>\n","protected":false},"excerpt":{"rendered":"<p>Contiene: Amazing Spider-Man Vol. 3 #7 al 9 (Octubre a Noviembre de 2014), Superior Spider-Man Vol. 1 #32 y 33 (Agosto y Septiembre de 2014) y Spider-Verse #1 y 2<\/p>\n","protected":false},"featured_media":510230,"template":"","meta":[],"product_cat":[157],"product_tag":[293,323,151,1750],"jetpack_sharing_enabled":true,"_links":{"self":[{"href":"https:\/\/azerothcomicstore.shop\/index.php\/wp-json\/wp\/v2\/product\/510229"}],"collection":[{"href":"https:\/\/azerothcomicstore.shop\/index.php\/wp-json\/wp\/v2\/product"}],"about":[{"href":"https:\/\/azerothcomicstore.shop\/index.php\/wp-json\/wp\/v2\/types\/product"}],"wp:featuredmedia":[{"embeddable":true,"href":"https:\/\/azerothcomicstore.shop\/index.php\/wp-json\/wp\/v2\/media\/510230"}],"wp:attachment":[{"href":"https:\/\/azerothcomicstore.shop\/index.php\/wp-json\/wp\/v2\/media?parent=510229"}],"wp:term":[{"taxonomy":"product_cat","embeddable":true,"href":"https:\/\/azerothcomicstore.shop\/index.php\/wp-json\/wp\/v2\/product_cat?post=510229"},{"taxonomy":"product_tag","embeddable":true,"href":"https:\/\/azerothcomicstore.shop\/index.php\/wp-json\/wp\/v2\/product_tag?post=510229"}],"curies":[{"name":"wp","href":"https:\/\/api.w.org\/{rel}","templated":true}]}}