
{"id":510228,"date":"2025-11-03T13:54:57","date_gmt":"2025-11-03T16:54:57","guid":{"rendered":"https:\/\/azerothcomicstore.shop\/?post_type=product&#038;p=510228"},"modified":"2025-12-18T21:40:29","modified_gmt":"2025-12-19T00:40:29","slug":"dc-vs-vampiros","status":"publish","type":"product","link":"https:\/\/azerothcomicstore.shop\/index.php\/producto\/dc-vs-vampiros\/","title":{"rendered":"DC Vs. Vampiros"},"content":{"rendered":"<p>LA GUERRA POR LA TIERRA&#8230; \u00a1PODR\u00cdA YA ESTAR PERDIDA!<\/p>\n<p>La Liga de la Justicia siempre ha protegido al planeta de todo tipo de peligros externos e invasores\u00a0alien\u00edgenas durante a\u00f1os, siempre con un ojo vigilando el cielo en busca de la pr\u00f3xima amenaza. Pero&#8230; \u00bfy\u00a0si el enemigo ya estuviera suelto en la Tierra&#8230; oculto a plena vista&#8230; observando&#8230; esperando su momento\u00a0para atacar&#8230;?<\/p>\n<p>\u00a1De las retorcidas mentes de James Tynion IV (BATMAN\/LAS TORTUGAS NINJA) y Matthew Rosenberg (EL\u00a0JOKER) llega un relato apocal\u00edptico de hero\u00edsmo, traici\u00f3n y supervivencia que desangrar\u00e1 a la Liga de la\u00a0Justicia y a nuestro planeta en su guerra contra los no muertos!<\/p>\n<p>Recopila DC vs. Vampires #1-12.<\/p>\n","protected":false},"excerpt":{"rendered":"<p>LA GUERRA POR LA TIERRA&#8230; \u00a1PODR\u00cdA YA ESTAR PERDIDA! La Liga de la Justicia siempre ha protegido al planeta de todo tipo de peligros externos e invasores\u00a0alien\u00edgenas durante a\u00f1os, siempre<\/p>\n","protected":false},"featured_media":510225,"template":"","meta":[],"product_cat":[157],"product_tag":[293,323,363,151,433,364,3482,3059,3483,296,382,490],"jetpack_sharing_enabled":true,"_links":{"self":[{"href":"https:\/\/azerothcomicstore.shop\/index.php\/wp-json\/wp\/v2\/product\/510228"}],"collection":[{"href":"https:\/\/azerothcomicstore.shop\/index.php\/wp-json\/wp\/v2\/product"}],"about":[{"href":"https:\/\/azerothcomicstore.shop\/index.php\/wp-json\/wp\/v2\/types\/product"}],"wp:featuredmedia":[{"embeddable":true,"href":"https:\/\/azerothcomicstore.shop\/index.php\/wp-json\/wp\/v2\/media\/510225"}],"wp:attachment":[{"href":"https:\/\/azerothcomicstore.shop\/index.php\/wp-json\/wp\/v2\/media?parent=510228"}],"wp:term":[{"taxonomy":"product_cat","embeddable":true,"href":"https:\/\/azerothcomicstore.shop\/index.php\/wp-json\/wp\/v2\/product_cat?post=510228"},{"taxonomy":"product_tag","embeddable":true,"href":"https:\/\/azerothcomicstore.shop\/index.php\/wp-json\/wp\/v2\/product_tag?post=510228"}],"curies":[{"name":"wp","href":"https:\/\/api.w.org\/{rel}","templated":true}]}}