
{"id":510053,"date":"2025-10-13T19:41:01","date_gmt":"2025-10-13T22:41:01","guid":{"rendered":"https:\/\/azerothcomicstore.shop\/?post_type=product&#038;p=510053"},"modified":"2026-03-09T20:17:37","modified_gmt":"2026-03-09T23:17:37","slug":"tmnt-el-ultimo-ronin","status":"publish","type":"product","link":"https:\/\/azerothcomicstore.shop\/index.php\/producto\/tmnt-el-ultimo-ronin\/","title":{"rendered":"TMNT: El \u00daltimo Ronin"},"content":{"rendered":"<p>\u00bfQUI\u00c9N ES EL \u00daLTIMO RONIN?<\/p>\n<p>El futuro de Nueva York es sombr\u00edo, un campo de batalla urbano de alta tecnolog\u00eda controlado por el Clan\u00a0del Pie y sus soldados cibern\u00e9ticos. Pero desde el p\u00e1ramo situado m\u00e1s all\u00e1 de los muros de la ciudad\u00a0acecha una tortuga, la \u00fanica sobreviviente: el \u00faltimo ronin, que emprende una misi\u00f3n desesperada para\u00a0poner fin de una vez por todas a la contienda librada por su familia. Cargando \u00fanicamente con el\u00a0recuerdo de aquellos que dej\u00f3 atr\u00e1s, se unir\u00e1 a nuevos y viejos aliados para reclamar las alcantarillas&#8230; o\u00a0morir en el intento.<\/p>\n<p>Los legendarios cocreadores de las Tortugas Ninja, Kevin Eastman y Peter Laird, colaboran con el\u00a0guionista Tom Waltz y los dibujantes Esau Escorza, Isaac Escorza y Ben Bishop para dar forma a una\u00a0magistral historia que lleva gest\u00e1ndose tres d\u00e9cadas.<\/p>\n<p>Recopila Teenage Mutant Ninja Turtles: The Last Ronin #1-5.<\/p>\n","protected":false},"excerpt":{"rendered":"<p>\u00bfQUI\u00c9N ES EL \u00daLTIMO RONIN? El futuro de Nueva York es sombr\u00edo, un campo de batalla urbano de alta tecnolog\u00eda controlado por el Clan\u00a0del Pie y sus soldados cibern\u00e9ticos. Pero<\/p>\n","protected":false},"featured_media":510054,"template":"","meta":[],"product_cat":[157],"product_tag":[293,323,3475,151,278,3472,3473,3469,3455,3474,3470,3476,3471],"jetpack_sharing_enabled":true,"_links":{"self":[{"href":"https:\/\/azerothcomicstore.shop\/index.php\/wp-json\/wp\/v2\/product\/510053"}],"collection":[{"href":"https:\/\/azerothcomicstore.shop\/index.php\/wp-json\/wp\/v2\/product"}],"about":[{"href":"https:\/\/azerothcomicstore.shop\/index.php\/wp-json\/wp\/v2\/types\/product"}],"wp:featuredmedia":[{"embeddable":true,"href":"https:\/\/azerothcomicstore.shop\/index.php\/wp-json\/wp\/v2\/media\/510054"}],"wp:attachment":[{"href":"https:\/\/azerothcomicstore.shop\/index.php\/wp-json\/wp\/v2\/media?parent=510053"}],"wp:term":[{"taxonomy":"product_cat","embeddable":true,"href":"https:\/\/azerothcomicstore.shop\/index.php\/wp-json\/wp\/v2\/product_cat?post=510053"},{"taxonomy":"product_tag","embeddable":true,"href":"https:\/\/azerothcomicstore.shop\/index.php\/wp-json\/wp\/v2\/product_tag?post=510053"}],"curies":[{"name":"wp","href":"https:\/\/api.w.org\/{rel}","templated":true}]}}