
{"id":509914,"date":"2025-10-05T01:52:06","date_gmt":"2025-10-05T04:52:06","guid":{"rendered":"https:\/\/azerothcomicstore.shop\/?post_type=product&#038;p=509914"},"modified":"2025-10-05T01:55:49","modified_gmt":"2025-10-05T04:55:49","slug":"pokemon-red-original-label-custom-usado-3","status":"publish","type":"product","link":"https:\/\/azerothcomicstore.shop\/index.php\/producto\/pokemon-red-original-label-custom-usado-3\/","title":{"rendered":"Pok\u00e9mon Yellow Franc\u00e9s Original &#8211; Label Custom (USADO)"},"content":{"rendered":"<p>Idioma : Franc\u00e9s<\/p>\n<p>Graba Partidas<\/p>\n","protected":false},"excerpt":{"rendered":"<p>Idioma : Franc\u00e9s Graba Partidas<\/p>\n","protected":false},"featured_media":509915,"template":"","meta":[],"product_cat":[3458,206],"product_tag":[3459,3460,3445],"jetpack_sharing_enabled":true,"_links":{"self":[{"href":"https:\/\/azerothcomicstore.shop\/index.php\/wp-json\/wp\/v2\/product\/509914"}],"collection":[{"href":"https:\/\/azerothcomicstore.shop\/index.php\/wp-json\/wp\/v2\/product"}],"about":[{"href":"https:\/\/azerothcomicstore.shop\/index.php\/wp-json\/wp\/v2\/types\/product"}],"wp:featuredmedia":[{"embeddable":true,"href":"https:\/\/azerothcomicstore.shop\/index.php\/wp-json\/wp\/v2\/media\/509915"}],"wp:attachment":[{"href":"https:\/\/azerothcomicstore.shop\/index.php\/wp-json\/wp\/v2\/media?parent=509914"}],"wp:term":[{"taxonomy":"product_cat","embeddable":true,"href":"https:\/\/azerothcomicstore.shop\/index.php\/wp-json\/wp\/v2\/product_cat?post=509914"},{"taxonomy":"product_tag","embeddable":true,"href":"https:\/\/azerothcomicstore.shop\/index.php\/wp-json\/wp\/v2\/product_tag?post=509914"}],"curies":[{"name":"wp","href":"https:\/\/api.w.org\/{rel}","templated":true}]}}