
{"id":509537,"date":"2025-09-05T21:25:52","date_gmt":"2025-09-06T00:25:52","guid":{"rendered":"https:\/\/azerothcomicstore.shop\/?post_type=product&#038;p=509537"},"modified":"2025-09-05T21:26:54","modified_gmt":"2025-09-06T00:26:54","slug":"action-comics-vol-4-el-nuevo-mundo","status":"publish","type":"product","link":"https:\/\/azerothcomicstore.shop\/index.php\/producto\/action-comics-vol-4-el-nuevo-mundo\/","title":{"rendered":"ACTION COMICS Vol.4: El Nuevo Mundo"},"content":{"rendered":"<p>Tras las impactantes revelaciones de SUPERMAN RENACIDO, fuerzas siniestras se est\u00e1n reuniendo en rincones oscuros del mundo.\u00a0 Mientras los aliados del Hombre de Acero se re\u00fanen para abordar la amenaza inminente de Oz, alguien est\u00e1 reclutando a sus enemigos m\u00e1s peligrosos en un Escuadr\u00f3n de Venganza. Metallo, Mongul, Erradicador, Superman Cyborg&#8230; si por s\u00ed solos ya son mortales, \u00a1juntos pueden finalmente destruir al \u00daltimo hijo de Krypton de una vez por todas!<\/p>\n<p>Corresponde a Action Comics #977-986.<\/p>\n","protected":false},"excerpt":{"rendered":"<p>Tras las impactantes revelaciones de SUPERMAN RENACIDO, fuerzas siniestras se est\u00e1n reuniendo en rincones oscuros del mundo.\u00a0 Mientras los aliados del Hombre de Acero se re\u00fanen para abordar la amenaza<\/p>\n","protected":false},"featured_media":509532,"template":"","meta":[],"product_cat":[157],"product_tag":[293,323,151,295,296],"jetpack_sharing_enabled":true,"_links":{"self":[{"href":"https:\/\/azerothcomicstore.shop\/index.php\/wp-json\/wp\/v2\/product\/509537"}],"collection":[{"href":"https:\/\/azerothcomicstore.shop\/index.php\/wp-json\/wp\/v2\/product"}],"about":[{"href":"https:\/\/azerothcomicstore.shop\/index.php\/wp-json\/wp\/v2\/types\/product"}],"wp:featuredmedia":[{"embeddable":true,"href":"https:\/\/azerothcomicstore.shop\/index.php\/wp-json\/wp\/v2\/media\/509532"}],"wp:attachment":[{"href":"https:\/\/azerothcomicstore.shop\/index.php\/wp-json\/wp\/v2\/media?parent=509537"}],"wp:term":[{"taxonomy":"product_cat","embeddable":true,"href":"https:\/\/azerothcomicstore.shop\/index.php\/wp-json\/wp\/v2\/product_cat?post=509537"},{"taxonomy":"product_tag","embeddable":true,"href":"https:\/\/azerothcomicstore.shop\/index.php\/wp-json\/wp\/v2\/product_tag?post=509537"}],"curies":[{"name":"wp","href":"https:\/\/api.w.org\/{rel}","templated":true}]}}