
{"id":509530,"date":"2025-09-05T21:20:42","date_gmt":"2025-09-06T00:20:42","guid":{"rendered":"https:\/\/azerothcomicstore.shop\/?post_type=product&#038;p=509530"},"modified":"2025-09-05T21:24:23","modified_gmt":"2025-09-06T00:24:23","slug":"action-comics-vol-2-bienvenido-al-planeta","status":"publish","type":"product","link":"https:\/\/azerothcomicstore.shop\/index.php\/producto\/action-comics-vol-2-bienvenido-al-planeta\/","title":{"rendered":"ACTION COMICS Vol.2: Bienvenido al Planeta"},"content":{"rendered":"<p>Junto a su familia, el hombre de acero escap\u00f3 a una nueva versi\u00f3n de la tierra y est\u00e1 listo para volver a ser Superman. \u00bfEl problema? Lex Luthor quiere ser el nuevo superh\u00e9roe de Metr\u00f3polis, un extra\u00f1o reclama ser Clark Kent, y Juicio Final reaparece dispuesto a dejar un nuevo sendero de perdici\u00f3n.<\/p>\n<p>Edici\u00f3n original: Action Comics #957-962<\/p>\n","protected":false},"excerpt":{"rendered":"<p>Junto a su familia, el hombre de acero escap\u00f3 a una nueva versi\u00f3n de la tierra y est\u00e1 listo para volver a ser Superman. \u00bfEl problema? Lex Luthor quiere ser<\/p>\n","protected":false},"featured_media":509534,"template":"","meta":[],"product_cat":[157],"product_tag":[293,323,151,295,296],"jetpack_sharing_enabled":true,"_links":{"self":[{"href":"https:\/\/azerothcomicstore.shop\/index.php\/wp-json\/wp\/v2\/product\/509530"}],"collection":[{"href":"https:\/\/azerothcomicstore.shop\/index.php\/wp-json\/wp\/v2\/product"}],"about":[{"href":"https:\/\/azerothcomicstore.shop\/index.php\/wp-json\/wp\/v2\/types\/product"}],"wp:featuredmedia":[{"embeddable":true,"href":"https:\/\/azerothcomicstore.shop\/index.php\/wp-json\/wp\/v2\/media\/509534"}],"wp:attachment":[{"href":"https:\/\/azerothcomicstore.shop\/index.php\/wp-json\/wp\/v2\/media?parent=509530"}],"wp:term":[{"taxonomy":"product_cat","embeddable":true,"href":"https:\/\/azerothcomicstore.shop\/index.php\/wp-json\/wp\/v2\/product_cat?post=509530"},{"taxonomy":"product_tag","embeddable":true,"href":"https:\/\/azerothcomicstore.shop\/index.php\/wp-json\/wp\/v2\/product_tag?post=509530"}],"curies":[{"name":"wp","href":"https:\/\/api.w.org\/{rel}","templated":true}]}}