
{"id":509528,"date":"2025-09-05T21:13:43","date_gmt":"2025-09-06T00:13:43","guid":{"rendered":"https:\/\/azerothcomicstore.shop\/?post_type=product&#038;p=509528"},"modified":"2026-03-09T20:32:45","modified_gmt":"2026-03-09T23:32:45","slug":"absolute-superman-vol-1","status":"publish","type":"product","link":"https:\/\/azerothcomicstore.shop\/index.php\/producto\/absolute-superman-vol-1\/","title":{"rendered":"Absolute Superman Vol. 1"},"content":{"rendered":"<p>Sin la fortaleza, sin su familia&#8230; \u00a1sigue siendo el Hombre de Acero absoluto!<\/p>\n<p>En una realidad m\u00e1s oscura, Kal-El perdi\u00f3 su mundo cuando era un ni\u00f1o. \u00c9l conoci\u00f3 Krypton, a sus padres, a su cultura y a su gente, y observ\u00f3 c\u00f3mo todo ard\u00eda en llamas. Ahora, varado en la Tierra, descubre desesperado c\u00f3mo la historia se ve empecinada en repetirse. Para salvar a su nuevo hogar, deber\u00e1 enfrentarce a la implacable corporaci\u00f3n L\u00e1zaro, incluso si eso implica luchar contra sus Peacemakers&#8230; \u00a1y contra la agente Lois Lane!<\/p>\n<p>\u00a1En el Universo Absoluto, los h\u00e9roes legendarios son reinventados para una nueva generaci\u00f3n! Separados de sus contextos originales, sus esencias se mantienen intactas. El impresionante equipo creativo de Jason Aaron y Rafa Sandoval presenta una reinterpretaci\u00f3n del \u00daltimo Hijo de Krypton que no deja a nadie indiferente.<\/p>\n<p>Recopila Absolute Superman #1-6.<\/p>\n","protected":false},"excerpt":{"rendered":"<p>Sin la fortaleza, sin su familia&#8230; \u00a1sigue siendo el Hombre de Acero absoluto! En una realidad m\u00e1s oscura, Kal-El perdi\u00f3 su mundo cuando era un ni\u00f1o. \u00c9l conoci\u00f3 Krypton, a<\/p>\n","protected":false},"featured_media":509529,"template":"","meta":[],"product_cat":[157],"product_tag":[293,323,151,296],"jetpack_sharing_enabled":true,"_links":{"self":[{"href":"https:\/\/azerothcomicstore.shop\/index.php\/wp-json\/wp\/v2\/product\/509528"}],"collection":[{"href":"https:\/\/azerothcomicstore.shop\/index.php\/wp-json\/wp\/v2\/product"}],"about":[{"href":"https:\/\/azerothcomicstore.shop\/index.php\/wp-json\/wp\/v2\/types\/product"}],"wp:featuredmedia":[{"embeddable":true,"href":"https:\/\/azerothcomicstore.shop\/index.php\/wp-json\/wp\/v2\/media\/509529"}],"wp:attachment":[{"href":"https:\/\/azerothcomicstore.shop\/index.php\/wp-json\/wp\/v2\/media?parent=509528"}],"wp:term":[{"taxonomy":"product_cat","embeddable":true,"href":"https:\/\/azerothcomicstore.shop\/index.php\/wp-json\/wp\/v2\/product_cat?post=509528"},{"taxonomy":"product_tag","embeddable":true,"href":"https:\/\/azerothcomicstore.shop\/index.php\/wp-json\/wp\/v2\/product_tag?post=509528"}],"curies":[{"name":"wp","href":"https:\/\/api.w.org\/{rel}","templated":true}]}}