
{"id":509273,"date":"2025-08-08T19:04:19","date_gmt":"2025-08-08T22:04:19","guid":{"rendered":"https:\/\/azerothcomicstore.shop\/?post_type=product&#038;p=509273"},"modified":"2026-05-01T17:38:11","modified_gmt":"2026-05-01T20:38:11","slug":"a-business-proposal-05","status":"publish","type":"product","link":"https:\/\/azerothcomicstore.shop\/index.php\/producto\/a-business-proposal-05\/","title":{"rendered":"A Business Proposal #05"},"content":{"rendered":"<div class=\"col-12 col-md-8 pl-md-3 pr-md-3\">\n<div id=\"product-description\" class=\"mt-4 mt-md-1\" data-store=\"product-description-285485593\">\n<div class=\"product-description user-content\">\n<p>Llegamos al ecuador de este encantador romance de oficina. \u00a1No te pierdas\u00a0este emocionante volumen!<\/p>\n<p>En este volumen, la relaci\u00f3n de Ha-ri y Tae-Moo da un paso significativo cuando \u00e9l la lleva conocer a su abuelo con el objetivo de conseguir su aprobaci\u00f3n. Sin embargo, las cosas no ser\u00e1n tan sencillas y el encuentro no saldr\u00e1 exactamente como esperaban. Mientras tanto, Sung-hoon enfrenta sus propios desaf\u00edos cuando el padre de Young-seo confronta al secretario que se atreve a salir con su querida hija.<\/p>\n<\/div>\n<\/div>\n<\/div>\n","protected":false},"excerpt":{"rendered":"<p>Llegamos al ecuador de este encantador romance de oficina. \u00a1No te pierdas\u00a0este emocionante volumen! En este volumen, la relaci\u00f3n de Ha-ri y Tae-Moo da un paso significativo cuando \u00e9l la<\/p>\n","protected":false},"featured_media":509264,"template":"","meta":[],"product_cat":[163],"product_tag":[144,350,278,1196,320,1173,1197,277],"jetpack_sharing_enabled":true,"_links":{"self":[{"href":"https:\/\/azerothcomicstore.shop\/index.php\/wp-json\/wp\/v2\/product\/509273"}],"collection":[{"href":"https:\/\/azerothcomicstore.shop\/index.php\/wp-json\/wp\/v2\/product"}],"about":[{"href":"https:\/\/azerothcomicstore.shop\/index.php\/wp-json\/wp\/v2\/types\/product"}],"wp:featuredmedia":[{"embeddable":true,"href":"https:\/\/azerothcomicstore.shop\/index.php\/wp-json\/wp\/v2\/media\/509264"}],"wp:attachment":[{"href":"https:\/\/azerothcomicstore.shop\/index.php\/wp-json\/wp\/v2\/media?parent=509273"}],"wp:term":[{"taxonomy":"product_cat","embeddable":true,"href":"https:\/\/azerothcomicstore.shop\/index.php\/wp-json\/wp\/v2\/product_cat?post=509273"},{"taxonomy":"product_tag","embeddable":true,"href":"https:\/\/azerothcomicstore.shop\/index.php\/wp-json\/wp\/v2\/product_tag?post=509273"}],"curies":[{"name":"wp","href":"https:\/\/api.w.org\/{rel}","templated":true}]}}