
{"id":509238,"date":"2025-08-01T12:52:40","date_gmt":"2025-08-01T15:52:40","guid":{"rendered":"https:\/\/azerothcomicstore.shop\/?post_type=product&#038;p=509238"},"modified":"2026-02-20T21:32:45","modified_gmt":"2026-02-21T00:32:45","slug":"adabana-02","status":"publish","type":"product","link":"https:\/\/azerothcomicstore.shop\/index.php\/producto\/adabana-02\/","title":{"rendered":"Adabana #02"},"content":{"rendered":"<p>Nos remontamos a medio a\u00f1o antes de que Mizuki Aikawa se entregue a la polic\u00eda y confiese que asesin\u00f3 a su gran amiga Mako Igarashi y a su t\u00edo. Mako conoce a Yuuki Akatsuki y cae en una relaci\u00f3n t\u00f3xica de la que es incapaz de escapar. \u00bfC\u00f3mo acab\u00f3 Mako muriendo en el periodo de mayor esplendor de su vida, cuando hab\u00eda hecho tan buenas migas con Mizuki? En esta ocasi\u00f3n, la historia se presenta desde el punto de vista de Mako, la v\u00edctima&#8230; \u00bfCu\u00e1l es la verdad?<\/p>\n","protected":false},"excerpt":{"rendered":"<p>Nos remontamos a medio a\u00f1o antes de que Mizuki Aikawa se entregue a la polic\u00eda y confiese que asesin\u00f3 a su gran amiga Mako Igarashi y a su t\u00edo. Mako<\/p>\n","protected":false},"featured_media":509224,"template":"","meta":[],"product_cat":[78],"product_tag":[137,134,3243,274,313,310],"jetpack_sharing_enabled":true,"_links":{"self":[{"href":"https:\/\/azerothcomicstore.shop\/index.php\/wp-json\/wp\/v2\/product\/509238"}],"collection":[{"href":"https:\/\/azerothcomicstore.shop\/index.php\/wp-json\/wp\/v2\/product"}],"about":[{"href":"https:\/\/azerothcomicstore.shop\/index.php\/wp-json\/wp\/v2\/types\/product"}],"wp:featuredmedia":[{"embeddable":true,"href":"https:\/\/azerothcomicstore.shop\/index.php\/wp-json\/wp\/v2\/media\/509224"}],"wp:attachment":[{"href":"https:\/\/azerothcomicstore.shop\/index.php\/wp-json\/wp\/v2\/media?parent=509238"}],"wp:term":[{"taxonomy":"product_cat","embeddable":true,"href":"https:\/\/azerothcomicstore.shop\/index.php\/wp-json\/wp\/v2\/product_cat?post=509238"},{"taxonomy":"product_tag","embeddable":true,"href":"https:\/\/azerothcomicstore.shop\/index.php\/wp-json\/wp\/v2\/product_tag?post=509238"}],"curies":[{"name":"wp","href":"https:\/\/api.w.org\/{rel}","templated":true}]}}