
{"id":509150,"date":"2025-07-22T15:59:16","date_gmt":"2025-07-22T18:59:16","guid":{"rendered":"https:\/\/azerothcomicstore.shop\/?post_type=product&#038;p=509150"},"modified":"2026-04-12T12:09:17","modified_gmt":"2026-04-12T15:09:17","slug":"sera-que-el-amor-me-resulta-irresistible-01","status":"publish","type":"product","link":"https:\/\/azerothcomicstore.shop\/index.php\/producto\/sera-que-el-amor-me-resulta-irresistible-01\/","title":{"rendered":"\u00bfSer\u00e1 que el Amor me Resulta Irresistible? #01"},"content":{"rendered":"<p>\u201cNo es que haya querido ser un descarriado\u201d.<\/p>\n<p>Misuzu no pasa un solo d\u00eda sin verse involucrado en una pelea, aunque no lo quiera. Un d\u00eda salva a Kitahara, un estudiante de la clase avanzada que estaba siendo acosado, y este comenz\u00f3 a interesarse en \u00e9l. Aunque Misuzu intenta mantenerse distante para evitar que Kitahara se involucre en sus problemas, empieza a dudar debido a la ternura de Kitahara, quien parece un rayo de sol en su vida.<\/p>\n","protected":false},"excerpt":{"rendered":"<p>\u201cNo es que haya querido ser un descarriado\u201d. Misuzu no pasa un solo d\u00eda sin verse involucrado en una pelea, aunque no lo quiera. Un d\u00eda salva a Kitahara, un<\/p>\n","protected":false},"featured_media":509141,"template":"","meta":[],"product_cat":[152],"product_tag":[137,287,278,134,3419,277,318,286],"jetpack_sharing_enabled":true,"_links":{"self":[{"href":"https:\/\/azerothcomicstore.shop\/index.php\/wp-json\/wp\/v2\/product\/509150"}],"collection":[{"href":"https:\/\/azerothcomicstore.shop\/index.php\/wp-json\/wp\/v2\/product"}],"about":[{"href":"https:\/\/azerothcomicstore.shop\/index.php\/wp-json\/wp\/v2\/types\/product"}],"wp:featuredmedia":[{"embeddable":true,"href":"https:\/\/azerothcomicstore.shop\/index.php\/wp-json\/wp\/v2\/media\/509141"}],"wp:attachment":[{"href":"https:\/\/azerothcomicstore.shop\/index.php\/wp-json\/wp\/v2\/media?parent=509150"}],"wp:term":[{"taxonomy":"product_cat","embeddable":true,"href":"https:\/\/azerothcomicstore.shop\/index.php\/wp-json\/wp\/v2\/product_cat?post=509150"},{"taxonomy":"product_tag","embeddable":true,"href":"https:\/\/azerothcomicstore.shop\/index.php\/wp-json\/wp\/v2\/product_tag?post=509150"}],"curies":[{"name":"wp","href":"https:\/\/api.w.org\/{rel}","templated":true}]}}