
{"id":509139,"date":"2025-07-22T15:51:35","date_gmt":"2025-07-22T18:51:35","guid":{"rendered":"https:\/\/azerothcomicstore.shop\/?post_type=product&#038;p=509139"},"modified":"2026-03-09T20:32:53","modified_gmt":"2026-03-09T23:32:53","slug":"absolute-wonder-woman-vol-1","status":"publish","type":"product","link":"https:\/\/azerothcomicstore.shop\/index.php\/producto\/absolute-wonder-woman-vol-1\/","title":{"rendered":"Absolute Wonder Woman Vol. 1"},"content":{"rendered":"<p>Sin la Isla Para\u00edso, sin su misi\u00f3n de paz&#8230; \u00a1sigue siendo la Amazona Absoluta!<\/p>\n<p>En un mundo diferente y m\u00e1s cruel, Diana de Temiscira no fue criada en el para\u00edso, sino que fue exiliada al Inframundo cuando era una beb\u00e9. Pero la oscuridad no la destruy\u00f3, sino que la fortaleci\u00f3 y la convirti\u00f3 en una afilada y violenta guerrera. Sin haber conocido su herencia amazona, es hora de que Diana se re\u00fana con el mundo de la superficie, pero lo que busca no es paz, sino justicia, y sus nuevas armas forjadas en el Infierno no se detendr\u00e1n ante nada para ayudarla a descubrir su lugar en esta Tierra\u2026 \u00a1incluso si debe crearlo ella misma! \u00a1En el Universo Absoluto, los h\u00e9roes legendarios son reinventados para una nueva generaci\u00f3n! Separados de sus contextos originales, sus esencias se mantienen intactas. La galardonada guionista Kelly Thompson se une al dibujante superestrella Hayden Sherman para reinventar toda la mitolog\u00eda de Wonder Woman.<\/p>\n<p>Recopila Absolute Wonder Woman #1-7.<\/p>\n","protected":false},"excerpt":{"rendered":"<p>Sin la Isla Para\u00edso, sin su misi\u00f3n de paz&#8230; \u00a1sigue siendo la Amazona Absoluta! En un mundo diferente y m\u00e1s cruel, Diana de Temiscira no fue criada en el para\u00edso,<\/p>\n","protected":false},"featured_media":509137,"template":"","meta":[],"product_cat":[157],"product_tag":[323,151,490],"jetpack_sharing_enabled":true,"_links":{"self":[{"href":"https:\/\/azerothcomicstore.shop\/index.php\/wp-json\/wp\/v2\/product\/509139"}],"collection":[{"href":"https:\/\/azerothcomicstore.shop\/index.php\/wp-json\/wp\/v2\/product"}],"about":[{"href":"https:\/\/azerothcomicstore.shop\/index.php\/wp-json\/wp\/v2\/types\/product"}],"wp:featuredmedia":[{"embeddable":true,"href":"https:\/\/azerothcomicstore.shop\/index.php\/wp-json\/wp\/v2\/media\/509137"}],"wp:attachment":[{"href":"https:\/\/azerothcomicstore.shop\/index.php\/wp-json\/wp\/v2\/media?parent=509139"}],"wp:term":[{"taxonomy":"product_cat","embeddable":true,"href":"https:\/\/azerothcomicstore.shop\/index.php\/wp-json\/wp\/v2\/product_cat?post=509139"},{"taxonomy":"product_tag","embeddable":true,"href":"https:\/\/azerothcomicstore.shop\/index.php\/wp-json\/wp\/v2\/product_tag?post=509139"}],"curies":[{"name":"wp","href":"https:\/\/api.w.org\/{rel}","templated":true}]}}