
{"id":486041,"date":"2025-06-06T18:31:32","date_gmt":"2025-06-06T21:31:32","guid":{"rendered":"https:\/\/azerothcomicstore.shop\/?post_type=product&#038;p=486041"},"modified":"2026-05-01T17:38:11","modified_gmt":"2026-05-01T20:38:11","slug":"a-business-proposal-04","status":"publish","type":"product","link":"https:\/\/azerothcomicstore.shop\/index.php\/producto\/a-business-proposal-04\/","title":{"rendered":"A Business Proposal #04"},"content":{"rendered":"<p>Ya est\u00e1 aqu\u00ed el cuarto volumen de este maravilloso manhwa. Las cosas entre Ha-ri y Tae-Moo se complican todav\u00eda m\u00e1s. Mientras su relaci\u00f3n secreta enfrenta nuevos desaf\u00edos en la empresa, una persona del pasado de Tae-Moo aparece y amenaza con desestabilizar todo. Ha-ri sigue intentando equilibrar su doble vida, \u00a1pero todo parece demasiado complicado! \u00bfSer\u00e1n capaces de mantener su relaci\u00f3n? No te puedes perder esta divertida historia, repleta de romance y emociones intensas que te mantendr\u00e1n pegada a sus p\u00e1ginas desde el segundo uno.<\/p>\n","protected":false},"excerpt":{"rendered":"<p>Ya est\u00e1 aqu\u00ed el cuarto volumen de este maravilloso manhwa. Las cosas entre Ha-ri y Tae-Moo se complican todav\u00eda m\u00e1s. Mientras su relaci\u00f3n secreta enfrenta nuevos desaf\u00edos en la empresa,<\/p>\n","protected":false},"featured_media":486042,"template":"","meta":[],"product_cat":[163],"product_tag":[144,350,278,1196,320,1173,1197,277],"jetpack_sharing_enabled":true,"_links":{"self":[{"href":"https:\/\/azerothcomicstore.shop\/index.php\/wp-json\/wp\/v2\/product\/486041"}],"collection":[{"href":"https:\/\/azerothcomicstore.shop\/index.php\/wp-json\/wp\/v2\/product"}],"about":[{"href":"https:\/\/azerothcomicstore.shop\/index.php\/wp-json\/wp\/v2\/types\/product"}],"wp:featuredmedia":[{"embeddable":true,"href":"https:\/\/azerothcomicstore.shop\/index.php\/wp-json\/wp\/v2\/media\/486042"}],"wp:attachment":[{"href":"https:\/\/azerothcomicstore.shop\/index.php\/wp-json\/wp\/v2\/media?parent=486041"}],"wp:term":[{"taxonomy":"product_cat","embeddable":true,"href":"https:\/\/azerothcomicstore.shop\/index.php\/wp-json\/wp\/v2\/product_cat?post=486041"},{"taxonomy":"product_tag","embeddable":true,"href":"https:\/\/azerothcomicstore.shop\/index.php\/wp-json\/wp\/v2\/product_tag?post=486041"}],"curies":[{"name":"wp","href":"https:\/\/api.w.org\/{rel}","templated":true}]}}