
{"id":417243,"date":"2025-04-11T21:35:06","date_gmt":"2025-04-12T00:35:06","guid":{"rendered":"https:\/\/azerothcomicstore.shop\/?post_type=product&#038;p=417243"},"modified":"2025-09-08T18:08:04","modified_gmt":"2025-09-08T21:08:04","slug":"after-god-05","status":"publish","type":"product","link":"https:\/\/azerothcomicstore.shop\/index.php\/producto\/after-god-05\/","title":{"rendered":"After God #05"},"content":{"rendered":"<p>Tras poner su vida en peligro para negociar con el dios serpiente, \u00a0Tokinaga logr\u00f3 formar con \u00e9xito un tratado de amistad entre el dios y lo humanidad.<\/p>\n<p>Por otra parte, Waka, una chica que ha jurado matar a los dioses, es secuestrada por el dios Volov. Entonces sale a la luz el motivo por el cual los dioses est\u00e1n enfrentados entre ellos, as\u00ed como tambi\u00e9n &#8220;\u00faltimo deseo&#8221; de Shion, la mejor amiga de Waka\u2026<\/p>\n","protected":false},"excerpt":{"rendered":"<p>Tras poner su vida en peligro para negociar con el dios serpiente, \u00a0Tokinaga logr\u00f3 formar con \u00e9xito un tratado de amistad entre el dios y lo humanidad. Por otra parte,<\/p>\n","protected":false},"featured_media":417244,"template":"","meta":[],"product_cat":[152],"product_tag":[293,137,278,134,282,276,298],"jetpack_sharing_enabled":true,"_links":{"self":[{"href":"https:\/\/azerothcomicstore.shop\/index.php\/wp-json\/wp\/v2\/product\/417243"}],"collection":[{"href":"https:\/\/azerothcomicstore.shop\/index.php\/wp-json\/wp\/v2\/product"}],"about":[{"href":"https:\/\/azerothcomicstore.shop\/index.php\/wp-json\/wp\/v2\/types\/product"}],"wp:featuredmedia":[{"embeddable":true,"href":"https:\/\/azerothcomicstore.shop\/index.php\/wp-json\/wp\/v2\/media\/417244"}],"wp:attachment":[{"href":"https:\/\/azerothcomicstore.shop\/index.php\/wp-json\/wp\/v2\/media?parent=417243"}],"wp:term":[{"taxonomy":"product_cat","embeddable":true,"href":"https:\/\/azerothcomicstore.shop\/index.php\/wp-json\/wp\/v2\/product_cat?post=417243"},{"taxonomy":"product_tag","embeddable":true,"href":"https:\/\/azerothcomicstore.shop\/index.php\/wp-json\/wp\/v2\/product_tag?post=417243"}],"curies":[{"name":"wp","href":"https:\/\/api.w.org\/{rel}","templated":true}]}}