
{"id":297064,"date":"2025-03-07T20:52:29","date_gmt":"2025-03-07T23:52:29","guid":{"rendered":"https:\/\/azerothcomicstore.shop\/?post_type=product&#038;p=297064"},"modified":"2025-09-08T18:07:26","modified_gmt":"2025-09-08T21:07:26","slug":"after-god-04","status":"publish","type":"product","link":"https:\/\/azerothcomicstore.shop\/index.php\/producto\/after-god-04\/","title":{"rendered":"After God #04"},"content":{"rendered":"<p>La joven Waka, quien jur\u00f3 asesinar a esos dioses es atacada por el Dios serpiente y sufre una conmoci\u00f3n al darse cuenta de que en su interior tambien hay un dios.<\/p>\n<p>Ella ha logrado escapar, pero esta vez han secuestrado a una m\u00e9dica, Yoriko. El dios serpiente ha tomado la forma de su prometido, Minami, y contin\u00faa su vida con alegr\u00eda.<\/p>\n<p>\u00bfLos otros dioses parecen no ver eso con muy buenos ojos\u2026?<\/p>\n","protected":false},"excerpt":{"rendered":"<p>La joven Waka, quien jur\u00f3 asesinar a esos dioses es atacada por el Dios serpiente y sufre una conmoci\u00f3n al darse cuenta de que en su interior tambien hay un<\/p>\n","protected":false},"featured_media":297060,"template":"","meta":[],"product_cat":[152],"product_tag":[293,137,278,134,282,276,298],"jetpack_sharing_enabled":true,"_links":{"self":[{"href":"https:\/\/azerothcomicstore.shop\/index.php\/wp-json\/wp\/v2\/product\/297064"}],"collection":[{"href":"https:\/\/azerothcomicstore.shop\/index.php\/wp-json\/wp\/v2\/product"}],"about":[{"href":"https:\/\/azerothcomicstore.shop\/index.php\/wp-json\/wp\/v2\/types\/product"}],"wp:featuredmedia":[{"embeddable":true,"href":"https:\/\/azerothcomicstore.shop\/index.php\/wp-json\/wp\/v2\/media\/297060"}],"wp:attachment":[{"href":"https:\/\/azerothcomicstore.shop\/index.php\/wp-json\/wp\/v2\/media?parent=297064"}],"wp:term":[{"taxonomy":"product_cat","embeddable":true,"href":"https:\/\/azerothcomicstore.shop\/index.php\/wp-json\/wp\/v2\/product_cat?post=297064"},{"taxonomy":"product_tag","embeddable":true,"href":"https:\/\/azerothcomicstore.shop\/index.php\/wp-json\/wp\/v2\/product_tag?post=297064"}],"curies":[{"name":"wp","href":"https:\/\/api.w.org\/{rel}","templated":true}]}}