
{"id":264479,"date":"2025-02-05T20:19:36","date_gmt":"2025-02-05T23:19:36","guid":{"rendered":"https:\/\/azerothcomicstore.shop\/?post_type=product&#038;p=264479"},"modified":"2026-01-23T22:10:45","modified_gmt":"2026-01-24T01:10:45","slug":"ajin-semi-humano-10","status":"publish","type":"product","link":"https:\/\/azerothcomicstore.shop\/index.php\/producto\/ajin-semi-humano-10\/","title":{"rendered":"Ajin Semi-Humano #10"},"content":{"rendered":"<p>La violencia durante la batalla en el edificio de seguridad Forge alcanz\u00f3 niveles extremos y las perdidas para Kei Nagai y el grupo de Tosaki a manos de Sato fueron devastadoras. Despues de semejante golpe, Kei decide abandonar a sus compa\u00f1eros.<\/p>\n<p>Sato pulveriza a Kei y compa\u00f1\u00eda y contin\u00faa con sus asesinatos programados, a los que llama &#8220;La segunda oleada&#8221;. Sin embargo, parece que la tercera se est\u00e1 acercando mas r\u00e1pido de lo esperado. Ahora es cuando se pone aprueba el verdadero valor de Kei Nagai.<\/p>\n","protected":false},"excerpt":{"rendered":"<p>La violencia durante la batalla en el edificio de seguridad Forge alcanz\u00f3 niveles extremos y las perdidas para Kei Nagai y el grupo de Tosaki a manos de Sato fueron<\/p>\n","protected":false},"featured_media":264464,"template":"","meta":[],"product_cat":[78],"product_tag":[137,305,301,134,282,274,322,313,310,304],"jetpack_sharing_enabled":true,"_links":{"self":[{"href":"https:\/\/azerothcomicstore.shop\/index.php\/wp-json\/wp\/v2\/product\/264479"}],"collection":[{"href":"https:\/\/azerothcomicstore.shop\/index.php\/wp-json\/wp\/v2\/product"}],"about":[{"href":"https:\/\/azerothcomicstore.shop\/index.php\/wp-json\/wp\/v2\/types\/product"}],"wp:featuredmedia":[{"embeddable":true,"href":"https:\/\/azerothcomicstore.shop\/index.php\/wp-json\/wp\/v2\/media\/264464"}],"wp:attachment":[{"href":"https:\/\/azerothcomicstore.shop\/index.php\/wp-json\/wp\/v2\/media?parent=264479"}],"wp:term":[{"taxonomy":"product_cat","embeddable":true,"href":"https:\/\/azerothcomicstore.shop\/index.php\/wp-json\/wp\/v2\/product_cat?post=264479"},{"taxonomy":"product_tag","embeddable":true,"href":"https:\/\/azerothcomicstore.shop\/index.php\/wp-json\/wp\/v2\/product_tag?post=264479"}],"curies":[{"name":"wp","href":"https:\/\/api.w.org\/{rel}","templated":true}]}}