
{"id":262800,"date":"2024-07-27T18:41:56","date_gmt":"2024-07-27T21:41:56","guid":{"rendered":"https:\/\/azerothcomicstore.shop\/index.php\/producto\/batman-prodigo-epilogo-a-la-caida-del-caballero\/"},"modified":"2025-08-13T00:13:17","modified_gmt":"2025-08-13T03:13:17","slug":"batman-prodigo-epilogo-a-la-caida-del-caballero","status":"publish","type":"product","link":"https:\/\/azerothcomicstore.shop\/index.php\/producto\/batman-prodigo-epilogo-a-la-caida-del-caballero\/","title":{"rendered":"Batman: Pr\u00f3digo: Ep\u00edlogo a la Ca\u00edda del Caballero"},"content":{"rendered":"","protected":false},"excerpt":{"rendered":"","protected":false},"featured_media":262799,"template":"","meta":[],"product_cat":[157],"product_tag":[293,323,363,151],"jetpack_sharing_enabled":true,"_links":{"self":[{"href":"https:\/\/azerothcomicstore.shop\/index.php\/wp-json\/wp\/v2\/product\/262800"}],"collection":[{"href":"https:\/\/azerothcomicstore.shop\/index.php\/wp-json\/wp\/v2\/product"}],"about":[{"href":"https:\/\/azerothcomicstore.shop\/index.php\/wp-json\/wp\/v2\/types\/product"}],"wp:featuredmedia":[{"embeddable":true,"href":"https:\/\/azerothcomicstore.shop\/index.php\/wp-json\/wp\/v2\/media\/262799"}],"wp:attachment":[{"href":"https:\/\/azerothcomicstore.shop\/index.php\/wp-json\/wp\/v2\/media?parent=262800"}],"wp:term":[{"taxonomy":"product_cat","embeddable":true,"href":"https:\/\/azerothcomicstore.shop\/index.php\/wp-json\/wp\/v2\/product_cat?post=262800"},{"taxonomy":"product_tag","embeddable":true,"href":"https:\/\/azerothcomicstore.shop\/index.php\/wp-json\/wp\/v2\/product_tag?post=262800"}],"curies":[{"name":"wp","href":"https:\/\/api.w.org\/{rel}","templated":true}]}}