
{"id":262683,"date":"2024-07-19T15:24:06","date_gmt":"2024-07-19T18:24:06","guid":{"rendered":"https:\/\/azerothcomicstore.shop\/index.php\/producto\/1-f-fukushima-pack-de-3-tomos\/"},"modified":"2025-11-24T16:11:34","modified_gmt":"2025-11-24T19:11:34","slug":"1-f-fukushima-pack-de-3-tomos","status":"publish","type":"product","link":"https:\/\/azerothcomicstore.shop\/index.php\/producto\/1-f-fukushima-pack-de-3-tomos\/","title":{"rendered":"1-F Fukushima (Pack de 3 Tomos)"},"content":{"rendered":"<p>Tatsuya Kazuto (pseud\u00f3nimo con el que se conoce al autor de la obra) es un joven mangaka que tras finalizar sus estudios universitarios se dedic\u00f3 a trabajar en distintos empleos de medio tiempo, mientras intentaba conseguir \u00e9xito como autor.<\/p>\n<p>Tras el terremoto de 2011, Tatsuya decide dejar su trabajo y unirse a los grupos de voluntarios que ayudar\u00edan en las zonas afectadas, siendo asignado a la inestable central nuclear Fukushima I.<\/p>\n<p>A trav\u00e9s de esta historia, el autor nos relata los pormenores y las actividades de limpieza que, junto a sus compa\u00f1eros, realiz\u00f3 a lo largo de los seis meses que los \u00edndices de radiaci\u00f3n le permitieron permanecer en la zona. Un manga de no ficci\u00f3n encarado desde una mirada period\u00edstica realista y descarnada que busca poner luz sobre una de las tragedias m\u00e1s grandes sufridas por el pueblo nip\u00f3n.<\/p>\n","protected":false},"excerpt":{"rendered":"<p>Tatsuya Kazuto (pseud\u00f3nimo con el que se conoce al autor de la obra) es un joven mangaka que tras finalizar sus estudios universitarios se dedic\u00f3 a trabajar en distintos empleos<\/p>\n","protected":false},"featured_media":262682,"template":"","meta":[],"product_cat":[78],"product_tag":[137,275,134,274],"jetpack_sharing_enabled":true,"_links":{"self":[{"href":"https:\/\/azerothcomicstore.shop\/index.php\/wp-json\/wp\/v2\/product\/262683"}],"collection":[{"href":"https:\/\/azerothcomicstore.shop\/index.php\/wp-json\/wp\/v2\/product"}],"about":[{"href":"https:\/\/azerothcomicstore.shop\/index.php\/wp-json\/wp\/v2\/types\/product"}],"wp:featuredmedia":[{"embeddable":true,"href":"https:\/\/azerothcomicstore.shop\/index.php\/wp-json\/wp\/v2\/media\/262682"}],"wp:attachment":[{"href":"https:\/\/azerothcomicstore.shop\/index.php\/wp-json\/wp\/v2\/media?parent=262683"}],"wp:term":[{"taxonomy":"product_cat","embeddable":true,"href":"https:\/\/azerothcomicstore.shop\/index.php\/wp-json\/wp\/v2\/product_cat?post=262683"},{"taxonomy":"product_tag","embeddable":true,"href":"https:\/\/azerothcomicstore.shop\/index.php\/wp-json\/wp\/v2\/product_tag?post=262683"}],"curies":[{"name":"wp","href":"https:\/\/api.w.org\/{rel}","templated":true}]}}