
{"id":244053,"date":"2023-12-25T11:12:55","date_gmt":"2023-12-25T14:12:55","guid":{"rendered":"https:\/\/azerothcomicstore.shop\/index.php\/producto\/adolf-5\/"},"modified":"2026-05-01T17:38:30","modified_gmt":"2026-05-01T20:38:30","slug":"adolf-5","status":"publish","type":"product","link":"https:\/\/azerothcomicstore.shop\/index.php\/producto\/adolf-5\/","title":{"rendered":"Adolf #05"},"content":{"rendered":"<p>De vuelta a Jap\u00f3n, Adolf Kaufmann conoce a Sohei Toge antes de lo esperado, porque el periodista se ha casado con su madre. No es el \u00fanico golpe emocional que recibe el oficial nazi. Elisa, una jud\u00eda a la que admiraba y amaba, se ha comprometido con su mejor amigo, Adolf Kamil. Consumido por la sed de venganza, no tiene piedad en la b\u00fasqueda de los documentos secretos, y durante un ataque a\u00e9reo en Kobe, \u00e9l y su padrastro finalmente dejan claras sus posiciones uno respecto al otro.<\/p>\n","protected":false},"excerpt":{"rendered":"<p>De vuelta a Jap\u00f3n, Adolf Kaufmann conoce a Sohei Toge antes de lo esperado, porque el periodista se ha casado con su madre. No es el \u00fanico golpe emocional que<\/p>\n","protected":false},"featured_media":301740,"template":"","meta":[],"product_cat":[163],"product_tag":[137,1236,134,297,274],"jetpack_sharing_enabled":true,"_links":{"self":[{"href":"https:\/\/azerothcomicstore.shop\/index.php\/wp-json\/wp\/v2\/product\/244053"}],"collection":[{"href":"https:\/\/azerothcomicstore.shop\/index.php\/wp-json\/wp\/v2\/product"}],"about":[{"href":"https:\/\/azerothcomicstore.shop\/index.php\/wp-json\/wp\/v2\/types\/product"}],"wp:featuredmedia":[{"embeddable":true,"href":"https:\/\/azerothcomicstore.shop\/index.php\/wp-json\/wp\/v2\/media\/301740"}],"wp:attachment":[{"href":"https:\/\/azerothcomicstore.shop\/index.php\/wp-json\/wp\/v2\/media?parent=244053"}],"wp:term":[{"taxonomy":"product_cat","embeddable":true,"href":"https:\/\/azerothcomicstore.shop\/index.php\/wp-json\/wp\/v2\/product_cat?post=244053"},{"taxonomy":"product_tag","embeddable":true,"href":"https:\/\/azerothcomicstore.shop\/index.php\/wp-json\/wp\/v2\/product_tag?post=244053"}],"curies":[{"name":"wp","href":"https:\/\/api.w.org\/{rel}","templated":true}]}}