
{"id":244049,"date":"2023-12-25T11:12:42","date_gmt":"2023-12-25T14:12:42","guid":{"rendered":"https:\/\/azerothcomicstore.shop\/index.php\/producto\/adolf-3\/"},"modified":"2026-05-01T17:38:30","modified_gmt":"2026-05-01T20:38:30","slug":"adolf-3","status":"publish","type":"product","link":"https:\/\/azerothcomicstore.shop\/index.php\/producto\/adolf-3\/","title":{"rendered":"Adolf #03"},"content":{"rendered":"<p>Sohei Toge sigue en Jap\u00f3n, envuelto en una lucha a vida o muerte por los documentos secretos. La situaci\u00f3n en Europa empeora. La poblaci\u00f3n jud\u00eda huye de los invasores alemanes, entre ellos Isaac Kamil, que es elegido para viajar a Lituania y organizar la futura fuga.<\/p>\n<p>Cuando le roban el dinero y el pasaporte, cae en las garras de los nazis y es arrestado. Solo una persona puede salvarlo de la ejecuci\u00f3n: Adolf Kaufmann.<\/p>\n","protected":false},"excerpt":{"rendered":"<p>Sohei Toge sigue en Jap\u00f3n, envuelto en una lucha a vida o muerte por los documentos secretos. La situaci\u00f3n en Europa empeora. La poblaci\u00f3n jud\u00eda huye de los invasores alemanes,<\/p>\n","protected":false},"featured_media":301743,"template":"","meta":[],"product_cat":[163],"product_tag":[137,1236,134,297,274],"jetpack_sharing_enabled":true,"_links":{"self":[{"href":"https:\/\/azerothcomicstore.shop\/index.php\/wp-json\/wp\/v2\/product\/244049"}],"collection":[{"href":"https:\/\/azerothcomicstore.shop\/index.php\/wp-json\/wp\/v2\/product"}],"about":[{"href":"https:\/\/azerothcomicstore.shop\/index.php\/wp-json\/wp\/v2\/types\/product"}],"wp:featuredmedia":[{"embeddable":true,"href":"https:\/\/azerothcomicstore.shop\/index.php\/wp-json\/wp\/v2\/media\/301743"}],"wp:attachment":[{"href":"https:\/\/azerothcomicstore.shop\/index.php\/wp-json\/wp\/v2\/media?parent=244049"}],"wp:term":[{"taxonomy":"product_cat","embeddable":true,"href":"https:\/\/azerothcomicstore.shop\/index.php\/wp-json\/wp\/v2\/product_cat?post=244049"},{"taxonomy":"product_tag","embeddable":true,"href":"https:\/\/azerothcomicstore.shop\/index.php\/wp-json\/wp\/v2\/product_tag?post=244049"}],"curies":[{"name":"wp","href":"https:\/\/api.w.org\/{rel}","templated":true}]}}