
{"id":244047,"date":"2023-12-25T11:12:35","date_gmt":"2023-12-25T14:12:35","guid":{"rendered":"https:\/\/azerothcomicstore.shop\/index.php\/producto\/adolf-2\/"},"modified":"2026-05-01T17:38:29","modified_gmt":"2026-05-01T20:38:29","slug":"adolf-2","status":"publish","type":"product","link":"https:\/\/azerothcomicstore.shop\/index.php\/producto\/adolf-2\/","title":{"rendered":"Adolf #02"},"content":{"rendered":"<p>Todav\u00eda investigando la muerte de su hermano y los misteriosos documentos que deb\u00eda entregarle, Togu\u00e9 se encuentra una vez m\u00e1s en manos de la polic\u00eda. En su pa\u00eds, no m\u00e1s que en Alemania, la polic\u00eda secreta no respeta los derechos humanos&#8230;<\/p>\n<p>Pero pronto la casualidad lo pone en contacto con la madre de Adolf Kaufmann, enviada a Alemania por su padre antes de que \u00e9l morir&#8230;<\/p>\n","protected":false},"excerpt":{"rendered":"<p>Todav\u00eda investigando la muerte de su hermano y los misteriosos documentos que deb\u00eda entregarle, Togu\u00e9 se encuentra una vez m\u00e1s en manos de la polic\u00eda. En su pa\u00eds, no m\u00e1s<\/p>\n","protected":false},"featured_media":301739,"template":"","meta":[],"product_cat":[163],"product_tag":[137,1236,134,297,274],"jetpack_sharing_enabled":true,"_links":{"self":[{"href":"https:\/\/azerothcomicstore.shop\/index.php\/wp-json\/wp\/v2\/product\/244047"}],"collection":[{"href":"https:\/\/azerothcomicstore.shop\/index.php\/wp-json\/wp\/v2\/product"}],"about":[{"href":"https:\/\/azerothcomicstore.shop\/index.php\/wp-json\/wp\/v2\/types\/product"}],"wp:featuredmedia":[{"embeddable":true,"href":"https:\/\/azerothcomicstore.shop\/index.php\/wp-json\/wp\/v2\/media\/301739"}],"wp:attachment":[{"href":"https:\/\/azerothcomicstore.shop\/index.php\/wp-json\/wp\/v2\/media?parent=244047"}],"wp:term":[{"taxonomy":"product_cat","embeddable":true,"href":"https:\/\/azerothcomicstore.shop\/index.php\/wp-json\/wp\/v2\/product_cat?post=244047"},{"taxonomy":"product_tag","embeddable":true,"href":"https:\/\/azerothcomicstore.shop\/index.php\/wp-json\/wp\/v2\/product_tag?post=244047"}],"curies":[{"name":"wp","href":"https:\/\/api.w.org\/{rel}","templated":true}]}}