
{"id":244045,"date":"2023-12-25T11:11:58","date_gmt":"2023-12-25T14:11:58","guid":{"rendered":"https:\/\/azerothcomicstore.shop\/index.php\/producto\/adolf-1\/"},"modified":"2026-05-01T17:38:29","modified_gmt":"2026-05-01T20:38:29","slug":"adolf-1","status":"publish","type":"product","link":"https:\/\/azerothcomicstore.shop\/index.php\/producto\/adolf-1\/","title":{"rendered":"Adolf #01"},"content":{"rendered":"<p>Adolf es la historia de tres personas llamadas as\u00ed: un ni\u00f1o jud\u00edo que viven en Jap\u00f3n, un ni\u00f1o medio japon\u00e9s medio alem\u00e1n, y el l\u00edder de la Alemania nazi. Se trata de un punto de vista maravillosamente fresco de los acontecimientos de la Segunda Guerra Mundial. Un t\u00edtulo imprescindible.<\/p>\n","protected":false},"excerpt":{"rendered":"<p>Adolf es la historia de tres personas llamadas as\u00ed: un ni\u00f1o jud\u00edo que viven en Jap\u00f3n, un ni\u00f1o medio japon\u00e9s medio alem\u00e1n, y el l\u00edder de la Alemania nazi. Se<\/p>\n","protected":false},"featured_media":301742,"template":"","meta":[],"product_cat":[163],"product_tag":[137,1236,134,297,274],"jetpack_sharing_enabled":true,"_links":{"self":[{"href":"https:\/\/azerothcomicstore.shop\/index.php\/wp-json\/wp\/v2\/product\/244045"}],"collection":[{"href":"https:\/\/azerothcomicstore.shop\/index.php\/wp-json\/wp\/v2\/product"}],"about":[{"href":"https:\/\/azerothcomicstore.shop\/index.php\/wp-json\/wp\/v2\/types\/product"}],"wp:featuredmedia":[{"embeddable":true,"href":"https:\/\/azerothcomicstore.shop\/index.php\/wp-json\/wp\/v2\/media\/301742"}],"wp:attachment":[{"href":"https:\/\/azerothcomicstore.shop\/index.php\/wp-json\/wp\/v2\/media?parent=244045"}],"wp:term":[{"taxonomy":"product_cat","embeddable":true,"href":"https:\/\/azerothcomicstore.shop\/index.php\/wp-json\/wp\/v2\/product_cat?post=244045"},{"taxonomy":"product_tag","embeddable":true,"href":"https:\/\/azerothcomicstore.shop\/index.php\/wp-json\/wp\/v2\/product_tag?post=244045"}],"curies":[{"name":"wp","href":"https:\/\/api.w.org\/{rel}","templated":true}]}}