
{"id":236267,"date":"2023-12-12T11:38:06","date_gmt":"2023-12-12T14:38:06","guid":{"rendered":"https:\/\/azerothcomicstore.shop\/index.php\/producto\/ajin-1\/"},"modified":"2025-11-24T16:14:19","modified_gmt":"2025-11-24T19:14:19","slug":"ajin-1","status":"publish","type":"product","link":"https:\/\/azerothcomicstore.shop\/index.php\/producto\/ajin-1\/","title":{"rendered":"Ajin Semi-Humano #01"},"content":{"rendered":"<p>Hace 17 a\u00f1os, un ser inmortal apareci\u00f3 en un campo de batalla de \u00c1frica. Desde entonces, a esta nueva especia que trasciende a la humanidad se la conoce como &#8220;Ajin&#8221;.<\/p>\n<p>Antes de las vacaciones de verano, un estudiante de secundaria muere en el acto en un accidente mientras volvia a su casa. Pero revive para descrubrir que ahora su cabeza tiene precio.<\/p>\n<p>As\u00ed, comienza la huida del joven que dio un paso m\u00e1s all\u00e1.<\/p>\n","protected":false},"excerpt":{"rendered":"<p>Hace 17 a\u00f1os, un ser inmortal apareci\u00f3 en un campo de batalla de \u00c1frica. Desde entonces, a esta nueva especia que trasciende a la humanidad se la conoce como &#8220;Ajin&#8221;.<\/p>\n","protected":false},"featured_media":236266,"template":"","meta":[],"product_cat":[78],"product_tag":[137,305,301,134,282,274,322,313,310,304],"jetpack_sharing_enabled":true,"_links":{"self":[{"href":"https:\/\/azerothcomicstore.shop\/index.php\/wp-json\/wp\/v2\/product\/236267"}],"collection":[{"href":"https:\/\/azerothcomicstore.shop\/index.php\/wp-json\/wp\/v2\/product"}],"about":[{"href":"https:\/\/azerothcomicstore.shop\/index.php\/wp-json\/wp\/v2\/types\/product"}],"wp:featuredmedia":[{"embeddable":true,"href":"https:\/\/azerothcomicstore.shop\/index.php\/wp-json\/wp\/v2\/media\/236266"}],"wp:attachment":[{"href":"https:\/\/azerothcomicstore.shop\/index.php\/wp-json\/wp\/v2\/media?parent=236267"}],"wp:term":[{"taxonomy":"product_cat","embeddable":true,"href":"https:\/\/azerothcomicstore.shop\/index.php\/wp-json\/wp\/v2\/product_cat?post=236267"},{"taxonomy":"product_tag","embeddable":true,"href":"https:\/\/azerothcomicstore.shop\/index.php\/wp-json\/wp\/v2\/product_tag?post=236267"}],"curies":[{"name":"wp","href":"https:\/\/api.w.org\/{rel}","templated":true}]}}