
{"id":236253,"date":"2023-12-12T11:37:44","date_gmt":"2023-12-12T14:37:44","guid":{"rendered":"https:\/\/azerothcomicstore.shop\/index.php\/producto\/20th-century-boys-5\/"},"modified":"2025-11-24T16:12:21","modified_gmt":"2025-11-24T19:12:21","slug":"20th-century-boys-5","status":"publish","type":"product","link":"https:\/\/azerothcomicstore.shop\/index.php\/producto\/20th-century-boys-5\/","title":{"rendered":"20th Century Boys #05"},"content":{"rendered":"<p>A\u00f1o 2014.<\/p>\n<p>Otcho, reci\u00e9n fugado de la prisi\u00f3n de Umihotaru, llega a la ciudad de Tokio. All\u00ed se encuentra un mundo en el que \u201cAmigo\u201d dice haber salvado a la humanidad del ataque terrorista supuestamente perpetrado por la \u201cbrigada de Kenji\u201d. Por su parte, la joven Ky\u00f4ko Koizumi, estudiante de secundaria que ha escogido a Kenji como tema de investigaci\u00f3n, conoce a Yoshitsune en \u201cAmigoLand\u201d, adonde la han llevado a la fuerza. All\u00ed prueba una atracci\u00f3n virtual con la que viaja en el tiempo hasta 1971. La pregunta es\u2026 \u00bf\u00a1podr\u00e1 ver a Amigo\u2026!?<\/p>\n","protected":false},"excerpt":{"rendered":"<p>A\u00f1o 2014. Otcho, reci\u00e9n fugado de la prisi\u00f3n de Umihotaru, llega a la ciudad de Tokio. All\u00ed se encuentra un mundo en el que \u201cAmigo\u201d dice haber salvado a la<\/p>\n","protected":false},"featured_media":236252,"template":"","meta":[],"product_cat":[78],"product_tag":[283,140,134,282,285,274,284],"jetpack_sharing_enabled":true,"_links":{"self":[{"href":"https:\/\/azerothcomicstore.shop\/index.php\/wp-json\/wp\/v2\/product\/236253"}],"collection":[{"href":"https:\/\/azerothcomicstore.shop\/index.php\/wp-json\/wp\/v2\/product"}],"about":[{"href":"https:\/\/azerothcomicstore.shop\/index.php\/wp-json\/wp\/v2\/types\/product"}],"wp:featuredmedia":[{"embeddable":true,"href":"https:\/\/azerothcomicstore.shop\/index.php\/wp-json\/wp\/v2\/media\/236252"}],"wp:attachment":[{"href":"https:\/\/azerothcomicstore.shop\/index.php\/wp-json\/wp\/v2\/media?parent=236253"}],"wp:term":[{"taxonomy":"product_cat","embeddable":true,"href":"https:\/\/azerothcomicstore.shop\/index.php\/wp-json\/wp\/v2\/product_cat?post=236253"},{"taxonomy":"product_tag","embeddable":true,"href":"https:\/\/azerothcomicstore.shop\/index.php\/wp-json\/wp\/v2\/product_tag?post=236253"}],"curies":[{"name":"wp","href":"https:\/\/api.w.org\/{rel}","templated":true}]}}